{"id":89,"date":"2026-04-11T08:31:20","date_gmt":"2026-04-11T01:31:20","guid":{"rendered":"https:\/\/xn--timbngxinh-ubb1372g.azdigi.shop\/?post_type=product&#038;p=89"},"modified":"2026-04-12T07:53:41","modified_gmt":"2026-04-12T00:53:41","slug":"bo-hoa-tuoi-ruby-and-pearl","status":"publish","type":"product","link":"https:\/\/xn--timbngxinh-ubb1372g.azdigi.shop\/index.php\/product\/bo-hoa-tuoi-ruby-and-pearl\/","title":{"rendered":"B\u00f3 hoa t\u01b0\u01a1i &#8211; Ruby And Pearl"},"content":{"rendered":"<h2 data-path-to-node=\"2\">\u2728 <b data-path-to-node=\"2\" data-index-in-node=\"2\">RUBY AND PEARL: V\u0168 \u0110I\u1ec6U C\u1ee6A S\u1ef0 KI\u00caU SA V\u00c0 THU\u1ea6N KHI\u1ebeT<\/b> \u2728<\/h2>\n<p data-path-to-node=\"3\">\u0110\u00fang nh\u01b0 t\u00ean g\u1ecdi, <b data-path-to-node=\"3\" data-index-in-node=\"18\">Ruby And Pearl<\/b> kh\u00f4ng ch\u1ec9 l\u00e0 m\u1ed9t b\u00f3 hoa, m\u00e0 l\u00e0 m\u1ed9t m\u00f3n trang s\u1ee9c l\u1ed9ng l\u1eaby \u0111\u01b0\u1ee3c k\u1ebft tinh t\u1eeb nh\u1eefng g\u00ec tinh t\u00fay nh\u1ea5t c\u1ee7a t\u1ef1 nhi\u00ean.<\/p>\n<p data-path-to-node=\"4\">S\u1eafc \u0111\u1ecf n\u1ed3ng n\u00e0n nh\u01b0 nh\u1eefng vi\u00ean \u0111\u00e1 <b data-path-to-node=\"4\" data-index-in-node=\"34\">Ruby<\/b> qu\u00fd gi\u00e1 \u2013 bi\u1ec3u t\u01b0\u1ee3ng c\u1ee7a t\u00ecnh y\u00eau m\u00e3nh li\u1ec7t v\u00e0 \u0111am m\u00ea b\u1ea5t t\u1eadn \u2013 \u0111\u01b0\u1ee3c \u0111an xen kh\u00e9o l\u00e9o c\u00f9ng n\u00e9t tr\u1eafng trong veo, thanh khi\u1ebft c\u1ee7a nh\u1eefng nh\u00e0nh hoa t\u1ef1a nh\u01b0 nh\u1eefng vi\u00ean <b data-path-to-node=\"4\" data-index-in-node=\"202\">Pearl<\/b> (Ng\u1ecdc trai) l\u1ea5p l\u00e1nh. S\u1ef1 \u0111\u1ed1i l\u1eadp \u0111\u1ea7y ngh\u1ec7 thu\u1eadt n\u00e0y t\u1ea1o n\u00ean m\u1ed9t t\u1ed5ng th\u1ec3 v\u1eeba quy\u1ec1n n\u0103ng, quy\u1ebfn r\u0169, l\u1ea1i v\u1eeba gi\u1eef \u0111\u01b0\u1ee3c n\u00e9t d\u1ecbu d\u00e0ng, thanh tho\u00e1t.<\/p>\n<p data-path-to-node=\"5\">B\u00f3 hoa l\u00e0 l\u1ef1a ch\u1ecdn ho\u00e0n h\u1ea3o \u0111\u1ec3 b\u1ea1n:<\/p>\n<ul data-path-to-node=\"6\">\n<li>\n<p data-path-to-node=\"6,0,0\"><b data-path-to-node=\"6,0,0\" data-index-in-node=\"0\">T\u00f4n vinh v\u1ebb \u0111\u1eb9p:<\/b> D\u00e0nh t\u1eb7ng nh\u1eefng ng\u01b0\u1eddi ph\u1ee5 n\u1eef tr\u00e2n qu\u00fd v\u1edbi th\u00f4ng \u0111i\u1ec7p &#8220;B\u1ea1n l\u00e0 b\u00e1u v\u1eadt&#8221;.<\/p>\n<\/li>\n<li>\n<p data-path-to-node=\"6,1,0\"><b data-path-to-node=\"6,1,0\" data-index-in-node=\"0\">Ghi d\u1ea5u k\u1ef7 ni\u1ec7m:<\/b> Bi\u1ebfn nh\u1eefng kho\u1ea3nh kh\u1eafc \u0111\u1eb7c bi\u1ec7t th\u00e0nh k\u00fd \u1ee9c kh\u00f4ng th\u1ec3 n\u00e0o qu\u00ean.<\/p>\n<\/li>\n<li>\n<p data-path-to-node=\"6,2,0\"><b data-path-to-node=\"6,2,0\" data-index-in-node=\"0\">Lan t\u1ecfa th\u00f4ng \u0111i\u1ec7p &#8220;Keep Loving&#8221;:<\/b> B\u1edfi t\u00ecnh y\u00eau \u0111\u1eb9p nh\u1ea5t l\u00e0 khi c\u00f3 s\u1ef1 n\u1ed3ng ch\u00e1y c\u1ee7a Ruby v\u00e0 s\u1ef1 ch\u00e2n th\u00e0nh c\u1ee7a Pearl.<\/p>\n<\/li>\n<\/ul>\n<p data-path-to-node=\"7\">\ud83c\udf39 <b data-path-to-node=\"7\" data-index-in-node=\"3\">H\u00e3y \u0111\u1ec3 Ruby And Pearl thay b\u1ea1n vi\u1ebft n\u00ean nh\u1eefng l\u1eddi y\u00eau th\u01b0\u01a1ng sang tr\u1ecdng nh\u1ea5t.<\/b><\/p>\n","protected":false},"excerpt":{"rendered":"<p><span dir=\"auto\" style=\"vertical-align: inherit;\"><span dir=\"auto\" style=\"vertical-align: inherit;\">Keep Loving \u2013 H\u00e3y \u0111\u1ec3 Ruby And Pearl thay l\u1eddi mu\u1ed1n n\u00f3i<\/span><\/span><\/p>\n","protected":false},"featured_media":531,"comment_status":"open","ping_status":"closed","template":"","meta":[],"product_brand":[],"product_cat":[35,49,33,34,55,57],"product_tag":[],"class_list":{"0":"post-89","1":"product","2":"type-product","3":"status-publish","4":"has-post-thumbnail","6":"product_cat-bo-hoa-tuoi","7":"product_cat-hoa-baby","8":"product_cat-hoa-hong","9":"product_cat-hoa-tang-nguoi-yeu","10":"product_cat-tang-ban-be","11":"product_cat-tang-thay-co","13":"first","14":"instock","15":"shipping-taxable","16":"product-type-simple"},"yoast_head":"<!-- This site is optimized with the Yoast SEO plugin v27.2 - https:\/\/yoast.com\/product\/yoast-seo-wordpress\/ -->\n<title>B\u00f3 hoa t\u01b0\u01a1i - Ruby And Pearl - b\u00f4ng xinh<\/title>\n<meta name=\"description\" content=\"Ruby And Pearl kh\u00f4ng ch\u1ec9 l\u00e0 m\u1ed9t b\u00f3 hoa, m\u00e0 l\u00e0 m\u1ed9t m\u00f3n trang s\u1ee9c l\u1ed9ng l\u1eaby \u0111\u01b0\u1ee3c k\u1ebft tinh t\u1eeb nh\u1eefng g\u00ec tinh t\u00fay nh\u1ea5t c\u1ee7a t\u1ef1 nhi\u00ean.\" \/>\n<meta name=\"robots\" content=\"index, follow, max-snippet:-1, max-image-preview:large, max-video-preview:-1\" \/>\n<link rel=\"canonical\" href=\"https:\/\/xn--timbngxinh-ubb1372g.azdigi.shop\/index.php\/product\/bo-hoa-tuoi-ruby-and-pearl\/\" \/>\n<meta property=\"og:locale\" content=\"vi_VN\" \/>\n<meta property=\"og:type\" content=\"article\" \/>\n<meta property=\"og:title\" content=\"B\u00f3 hoa t\u01b0\u01a1i - Ruby And Pearl - b\u00f4ng xinh\" \/>\n<meta property=\"og:description\" content=\"Ruby And Pearl kh\u00f4ng ch\u1ec9 l\u00e0 m\u1ed9t b\u00f3 hoa, m\u00e0 l\u00e0 m\u1ed9t m\u00f3n trang s\u1ee9c l\u1ed9ng l\u1eaby \u0111\u01b0\u1ee3c k\u1ebft tinh t\u1eeb nh\u1eefng g\u00ec tinh t\u00fay nh\u1ea5t c\u1ee7a t\u1ef1 nhi\u00ean.\" \/>\n<meta property=\"og:url\" content=\"https:\/\/xn--timbngxinh-ubb1372g.azdigi.shop\/index.php\/product\/bo-hoa-tuoi-ruby-and-pearl\/\" \/>\n<meta property=\"og:site_name\" content=\"b\u00f4ng xinh\" \/>\n<meta property=\"article:modified_time\" content=\"2026-04-12T00:53:41+00:00\" \/>\n<meta property=\"og:image\" content=\"https:\/\/xn--timbngxinh-ubb1372g.azdigi.shop\/wp-content\/uploads\/2026\/04\/bo-hoa-hong-don-gian.jpg.webp\" \/>\n\t<meta property=\"og:image:width\" content=\"600\" \/>\n\t<meta property=\"og:image:height\" content=\"600\" \/>\n\t<meta property=\"og:image:type\" content=\"image\/webp\" \/>\n<meta name=\"twitter:card\" content=\"summary_large_image\" \/>\n<meta name=\"twitter:label1\" content=\"\u01af\u1edbc t\u00ednh th\u1eddi gian \u0111\u1ecdc\" \/>\n\t<meta name=\"twitter:data1\" content=\"2 ph\u00fat\" \/>\n<script type=\"application\/ld+json\" class=\"yoast-schema-graph\">{\"@context\":\"https:\/\/schema.org\",\"@graph\":[{\"@type\":\"WebPage\",\"@id\":\"https:\/\/xn--timbngxinh-ubb1372g.azdigi.shop\/index.php\/product\/bo-hoa-tuoi-ruby-and-pearl\/\",\"url\":\"https:\/\/xn--timbngxinh-ubb1372g.azdigi.shop\/index.php\/product\/bo-hoa-tuoi-ruby-and-pearl\/\",\"name\":\"B\u00f3 hoa t\u01b0\u01a1i - Ruby And Pearl - b\u00f4ng xinh\",\"isPartOf\":{\"@id\":\"https:\/\/xn--timbngxinh-ubb1372g.azdigi.shop\/#website\"},\"primaryImageOfPage\":{\"@id\":\"https:\/\/xn--timbngxinh-ubb1372g.azdigi.shop\/index.php\/product\/bo-hoa-tuoi-ruby-and-pearl\/#primaryimage\"},\"image\":{\"@id\":\"https:\/\/xn--timbngxinh-ubb1372g.azdigi.shop\/index.php\/product\/bo-hoa-tuoi-ruby-and-pearl\/#primaryimage\"},\"thumbnailUrl\":\"https:\/\/xn--timbngxinh-ubb1372g.azdigi.shop\/wp-content\/uploads\/2026\/04\/bo-hoa-hong-don-gian.jpg.webp\",\"datePublished\":\"2026-04-11T01:31:20+00:00\",\"dateModified\":\"2026-04-12T00:53:41+00:00\",\"description\":\"Ruby And Pearl kh\u00f4ng ch\u1ec9 l\u00e0 m\u1ed9t b\u00f3 hoa, m\u00e0 l\u00e0 m\u1ed9t m\u00f3n trang s\u1ee9c l\u1ed9ng l\u1eaby \u0111\u01b0\u1ee3c k\u1ebft tinh t\u1eeb nh\u1eefng g\u00ec tinh t\u00fay nh\u1ea5t c\u1ee7a t\u1ef1 nhi\u00ean.\",\"breadcrumb\":{\"@id\":\"https:\/\/xn--timbngxinh-ubb1372g.azdigi.shop\/index.php\/product\/bo-hoa-tuoi-ruby-and-pearl\/#breadcrumb\"},\"inLanguage\":\"vi\",\"potentialAction\":[{\"@type\":\"ReadAction\",\"target\":[\"https:\/\/xn--timbngxinh-ubb1372g.azdigi.shop\/index.php\/product\/bo-hoa-tuoi-ruby-and-pearl\/\"]}]},{\"@type\":\"ImageObject\",\"inLanguage\":\"vi\",\"@id\":\"https:\/\/xn--timbngxinh-ubb1372g.azdigi.shop\/index.php\/product\/bo-hoa-tuoi-ruby-and-pearl\/#primaryimage\",\"url\":\"https:\/\/xn--timbngxinh-ubb1372g.azdigi.shop\/wp-content\/uploads\/2026\/04\/bo-hoa-hong-don-gian.jpg.webp\",\"contentUrl\":\"https:\/\/xn--timbngxinh-ubb1372g.azdigi.shop\/wp-content\/uploads\/2026\/04\/bo-hoa-hong-don-gian.jpg.webp\",\"width\":600,\"height\":600},{\"@type\":\"BreadcrumbList\",\"@id\":\"https:\/\/xn--timbngxinh-ubb1372g.azdigi.shop\/index.php\/product\/bo-hoa-tuoi-ruby-and-pearl\/#breadcrumb\",\"itemListElement\":[{\"@type\":\"ListItem\",\"position\":1,\"name\":\"Home\",\"item\":\"https:\/\/xn--timbngxinh-ubb1372g.azdigi.shop\/\"},{\"@type\":\"ListItem\",\"position\":2,\"name\":\"Shop\",\"item\":\"https:\/\/xn--timbngxinh-ubb1372g.azdigi.shop\/index.php\/shop\/\"},{\"@type\":\"ListItem\",\"position\":3,\"name\":\"B\u00f3 hoa t\u01b0\u01a1i &#8211; Ruby And Pearl\"}]},{\"@type\":\"WebSite\",\"@id\":\"https:\/\/xn--timbngxinh-ubb1372g.azdigi.shop\/#website\",\"url\":\"https:\/\/xn--timbngxinh-ubb1372g.azdigi.shop\/\",\"name\":\"b\u00f4ng xinh\",\"description\":\"\",\"potentialAction\":[{\"@type\":\"SearchAction\",\"target\":{\"@type\":\"EntryPoint\",\"urlTemplate\":\"https:\/\/xn--timbngxinh-ubb1372g.azdigi.shop\/?s={search_term_string}\"},\"query-input\":{\"@type\":\"PropertyValueSpecification\",\"valueRequired\":true,\"valueName\":\"search_term_string\"}}],\"inLanguage\":\"vi\"}]}<\/script>\n<!-- \/ Yoast SEO plugin. -->","yoast_head_json":{"title":"B\u00f3 hoa t\u01b0\u01a1i - Ruby And Pearl - b\u00f4ng xinh","description":"Ruby And Pearl kh\u00f4ng ch\u1ec9 l\u00e0 m\u1ed9t b\u00f3 hoa, m\u00e0 l\u00e0 m\u1ed9t m\u00f3n trang s\u1ee9c l\u1ed9ng l\u1eaby \u0111\u01b0\u1ee3c k\u1ebft tinh t\u1eeb nh\u1eefng g\u00ec tinh t\u00fay nh\u1ea5t c\u1ee7a t\u1ef1 nhi\u00ean.","robots":{"index":"index","follow":"follow","max-snippet":"max-snippet:-1","max-image-preview":"max-image-preview:large","max-video-preview":"max-video-preview:-1"},"canonical":"https:\/\/xn--timbngxinh-ubb1372g.azdigi.shop\/index.php\/product\/bo-hoa-tuoi-ruby-and-pearl\/","og_locale":"vi_VN","og_type":"article","og_title":"B\u00f3 hoa t\u01b0\u01a1i - Ruby And Pearl - b\u00f4ng xinh","og_description":"Ruby And Pearl kh\u00f4ng ch\u1ec9 l\u00e0 m\u1ed9t b\u00f3 hoa, m\u00e0 l\u00e0 m\u1ed9t m\u00f3n trang s\u1ee9c l\u1ed9ng l\u1eaby \u0111\u01b0\u1ee3c k\u1ebft tinh t\u1eeb nh\u1eefng g\u00ec tinh t\u00fay nh\u1ea5t c\u1ee7a t\u1ef1 nhi\u00ean.","og_url":"https:\/\/xn--timbngxinh-ubb1372g.azdigi.shop\/index.php\/product\/bo-hoa-tuoi-ruby-and-pearl\/","og_site_name":"b\u00f4ng xinh","article_modified_time":"2026-04-12T00:53:41+00:00","og_image":[{"width":600,"height":600,"url":"https:\/\/xn--timbngxinh-ubb1372g.azdigi.shop\/wp-content\/uploads\/2026\/04\/bo-hoa-hong-don-gian.jpg.webp","type":"image\/webp"}],"twitter_card":"summary_large_image","twitter_misc":{"\u01af\u1edbc t\u00ednh th\u1eddi gian \u0111\u1ecdc":"2 ph\u00fat"},"schema":{"@context":"https:\/\/schema.org","@graph":[{"@type":"WebPage","@id":"https:\/\/xn--timbngxinh-ubb1372g.azdigi.shop\/index.php\/product\/bo-hoa-tuoi-ruby-and-pearl\/","url":"https:\/\/xn--timbngxinh-ubb1372g.azdigi.shop\/index.php\/product\/bo-hoa-tuoi-ruby-and-pearl\/","name":"B\u00f3 hoa t\u01b0\u01a1i - Ruby And Pearl - b\u00f4ng xinh","isPartOf":{"@id":"https:\/\/xn--timbngxinh-ubb1372g.azdigi.shop\/#website"},"primaryImageOfPage":{"@id":"https:\/\/xn--timbngxinh-ubb1372g.azdigi.shop\/index.php\/product\/bo-hoa-tuoi-ruby-and-pearl\/#primaryimage"},"image":{"@id":"https:\/\/xn--timbngxinh-ubb1372g.azdigi.shop\/index.php\/product\/bo-hoa-tuoi-ruby-and-pearl\/#primaryimage"},"thumbnailUrl":"https:\/\/xn--timbngxinh-ubb1372g.azdigi.shop\/wp-content\/uploads\/2026\/04\/bo-hoa-hong-don-gian.jpg.webp","datePublished":"2026-04-11T01:31:20+00:00","dateModified":"2026-04-12T00:53:41+00:00","description":"Ruby And Pearl kh\u00f4ng ch\u1ec9 l\u00e0 m\u1ed9t b\u00f3 hoa, m\u00e0 l\u00e0 m\u1ed9t m\u00f3n trang s\u1ee9c l\u1ed9ng l\u1eaby \u0111\u01b0\u1ee3c k\u1ebft tinh t\u1eeb nh\u1eefng g\u00ec tinh t\u00fay nh\u1ea5t c\u1ee7a t\u1ef1 nhi\u00ean.","breadcrumb":{"@id":"https:\/\/xn--timbngxinh-ubb1372g.azdigi.shop\/index.php\/product\/bo-hoa-tuoi-ruby-and-pearl\/#breadcrumb"},"inLanguage":"vi","potentialAction":[{"@type":"ReadAction","target":["https:\/\/xn--timbngxinh-ubb1372g.azdigi.shop\/index.php\/product\/bo-hoa-tuoi-ruby-and-pearl\/"]}]},{"@type":"ImageObject","inLanguage":"vi","@id":"https:\/\/xn--timbngxinh-ubb1372g.azdigi.shop\/index.php\/product\/bo-hoa-tuoi-ruby-and-pearl\/#primaryimage","url":"https:\/\/xn--timbngxinh-ubb1372g.azdigi.shop\/wp-content\/uploads\/2026\/04\/bo-hoa-hong-don-gian.jpg.webp","contentUrl":"https:\/\/xn--timbngxinh-ubb1372g.azdigi.shop\/wp-content\/uploads\/2026\/04\/bo-hoa-hong-don-gian.jpg.webp","width":600,"height":600},{"@type":"BreadcrumbList","@id":"https:\/\/xn--timbngxinh-ubb1372g.azdigi.shop\/index.php\/product\/bo-hoa-tuoi-ruby-and-pearl\/#breadcrumb","itemListElement":[{"@type":"ListItem","position":1,"name":"Home","item":"https:\/\/xn--timbngxinh-ubb1372g.azdigi.shop\/"},{"@type":"ListItem","position":2,"name":"Shop","item":"https:\/\/xn--timbngxinh-ubb1372g.azdigi.shop\/index.php\/shop\/"},{"@type":"ListItem","position":3,"name":"B\u00f3 hoa t\u01b0\u01a1i &#8211; Ruby And Pearl"}]},{"@type":"WebSite","@id":"https:\/\/xn--timbngxinh-ubb1372g.azdigi.shop\/#website","url":"https:\/\/xn--timbngxinh-ubb1372g.azdigi.shop\/","name":"b\u00f4ng xinh","description":"","potentialAction":[{"@type":"SearchAction","target":{"@type":"EntryPoint","urlTemplate":"https:\/\/xn--timbngxinh-ubb1372g.azdigi.shop\/?s={search_term_string}"},"query-input":{"@type":"PropertyValueSpecification","valueRequired":true,"valueName":"search_term_string"}}],"inLanguage":"vi"}]}},"jetpack_sharing_enabled":true,"_links":{"self":[{"href":"https:\/\/xn--timbngxinh-ubb1372g.azdigi.shop\/index.php\/wp-json\/wp\/v2\/product\/89","targetHints":{"allow":["GET"]}}],"collection":[{"href":"https:\/\/xn--timbngxinh-ubb1372g.azdigi.shop\/index.php\/wp-json\/wp\/v2\/product"}],"about":[{"href":"https:\/\/xn--timbngxinh-ubb1372g.azdigi.shop\/index.php\/wp-json\/wp\/v2\/types\/product"}],"replies":[{"embeddable":true,"href":"https:\/\/xn--timbngxinh-ubb1372g.azdigi.shop\/index.php\/wp-json\/wp\/v2\/comments?post=89"}],"wp:featuredmedia":[{"embeddable":true,"href":"https:\/\/xn--timbngxinh-ubb1372g.azdigi.shop\/index.php\/wp-json\/wp\/v2\/media\/531"}],"wp:attachment":[{"href":"https:\/\/xn--timbngxinh-ubb1372g.azdigi.shop\/index.php\/wp-json\/wp\/v2\/media?parent=89"}],"wp:term":[{"taxonomy":"product_brand","embeddable":true,"href":"https:\/\/xn--timbngxinh-ubb1372g.azdigi.shop\/index.php\/wp-json\/wp\/v2\/product_brand?post=89"},{"taxonomy":"product_cat","embeddable":true,"href":"https:\/\/xn--timbngxinh-ubb1372g.azdigi.shop\/index.php\/wp-json\/wp\/v2\/product_cat?post=89"},{"taxonomy":"product_tag","embeddable":true,"href":"https:\/\/xn--timbngxinh-ubb1372g.azdigi.shop\/index.php\/wp-json\/wp\/v2\/product_tag?post=89"}],"curies":[{"name":"wp","href":"https:\/\/api.w.org\/{rel}","templated":true}]}}