{"id":84,"date":"2026-03-22T01:26:31","date_gmt":"2026-03-22T01:26:31","guid":{"rendered":"https:\/\/xn--timbngxinh-ubb1372g.azdigi.shop\/?post_type=product&#038;p=84"},"modified":"2026-04-11T10:03:57","modified_gmt":"2026-04-11T03:03:57","slug":"gio-cuc-tana-mini","status":"publish","type":"product","link":"https:\/\/xn--timbngxinh-ubb1372g.azdigi.shop\/index.php\/product\/gio-cuc-tana-mini\/","title":{"rendered":"Gi\u1ecf c\u00fac tana mini"},"content":{"rendered":"<h2 class=\"\" data-path-to-node=\"3\">\ud83c\udf3c C\u00fac Tana D\u00e1ng C\u00e0nh D\u00e0i: Mang C\u1ea3 \u0110\u1ed3ng N\u1ed9i Tinh Kh\u00f4i V\u00e0o G\u00f3c Nh\u1ecf<\/h2>\n<p data-path-to-node=\"4\"><b class=\"\" data-path-to-node=\"4\" data-index-in-node=\"0\">B\u1ea1n \u0111ang t\u00ecm ki\u1ebfm m\u1ed9t ch\u00fat b\u00ecnh y\u00ean gi\u1eefa ph\u1ed1 th\u1ecb \u1ed3n \u00e0o? H\u00e3y \u0111\u1ec3 nh\u1eefng nh\u00e0nh C\u00fac Tana thanh m\u1ea3nh thay l\u1eddi mu\u1ed1n n\u00f3i, l\u00e0m m\u1edbi kh\u00f4ng gian s\u1ed1ng c\u1ee7a b\u1ea1n b\u1eb1ng v\u1ebb \u0111\u1eb9p t\u1ef1 nhi\u00ean v\u00e0 \u0111\u1ea7y ph\u00f3ng kho\u00e1ng.<\/b><\/p>\n<h3 class=\"\" data-path-to-node=\"5\">C\u00fac Tana d\u00e1ng d\u00e0i \u2013 N\u00e9t ngh\u1ec7 thu\u1eadt cho kh\u00f4ng gian s\u1ed1ng<\/h3>\n<p data-path-to-node=\"6\"><span class=\"\">Kh\u00e1c v\u1edbi nh\u1eefng b\u00f3 hoa ng\u1eafn th\u00f4ng th\u01b0\u1eddng,<\/span><span class=\"\"> \u0111\u1ee3t <\/span><b class=\"\" data-path-to-node=\"6\" data-index-in-node=\"45\">C\u00fac Tana<\/b><span class=\"\"> l\u1ea7n n\u00e0y s\u1edf h\u1eefu d\u00e1ng c\u00e0nh v\u01b0\u01a1n d\u00e0i thanh m\u1ea3nh.<\/span><span class=\"\"> \u0110\u00e2y l\u00e0 l\u1ef1a ch\u1ecdn c\u1ef1c k\u1ef3 ph\u00f9 h\u1ee3p \u0111\u1ec3 b\u1ea1n c\u1eafm v\u00e0o nh\u1eefng chi\u1ebfc b\u00ecnh g\u1ed1m cao ho\u1eb7c l\u1ecd th\u1ee7y tinh trong su\u1ed1t.<\/span><span class=\"\"> S\u1ef1 k\u1ebft h\u1ee3p n\u00e0y kh\u00f4ng ch\u1ec9 t\u1ea1o n\u00ean \u0111i\u1ec3m nh\u1ea5n ngh\u1ec7 thu\u1eadt m\u00e0 c\u00f2n mang \u0111\u1ebfn c\u1ea3m gi\u00e1c t\u1ef1 do,<\/span><span class=\"\"> ph\u00f3ng kho\u00e1ng cho b\u1ea5t k\u1ef3 g\u00f3c nh\u1ecf n\u00e0o trong nh\u00e0.<\/span><\/p>\n<h3 class=\"\" data-path-to-node=\"7\">V\u1ebb \u0111\u1eb9p d\u1ecbu d\u00e0ng v\u00e0 b\u1ec1n b\u1ec9 c\u1ee7a C\u00fac Tana<\/h3>\n<p data-path-to-node=\"8\"><span class=\"\">V\u1edbi nh\u1eefng c\u00e1nh hoa tr\u1eafng nh\u1ecf x\u00edu \u00f4m l\u1ea5y nh\u1ee5y v\u00e0ng r\u1ef1c r\u1ee1,<\/span> <b class=\"\" data-path-to-node=\"8\" data-index-in-node=\"58\">C\u00fac Tana<\/b><span class=\"\"> mang trong m\u00ecnh v\u1ebb \u0111\u1eb9p t\u1ef1a nh\u01b0 \u00e1nh n\u1eafng ban mai:<\/span><span class=\"\"> v\u1eeba hoang d\u1ea1i,<\/span><span class=\"\"> v\u1eeba d\u1ecbu d\u00e0ng l\u1ea1i v\u00f4 c\u00f9ng b\u1ec1n b\u1ec9.<\/span><span class=\"\"> M\u1ed9t nh\u00e0nh hoa cao v\u01b0\u01a1n m\u00ecnh \u0111\u00f3n n\u1eafng kh\u00f4ng ch\u1ec9 l\u00e0m s\u00e1ng b\u1eebng c\u0103n ph\u00f2ng m\u00e0 c\u00f2n gi\u00fap t\u00e2m h\u1ed3n ng\u01b0\u1eddi ng\u1eafm th\u00eam nh\u1eb9 h\u1eabng,<\/span><span class=\"\"> y\u00eau \u0111\u1eddi.<\/span><\/p>\n<h3 class=\"\" data-path-to-node=\"9\">T\u1ea1i sao n\u00ean ch\u1ecdn C\u00fac Tana t\u1ea1i Ti\u1ec7m B\u00f4ng Xinh?<\/h3>\n<p data-path-to-node=\"10\"><span class=\"\">T\u1ea1i <\/span><b class=\"\" data-path-to-node=\"10\" data-index-in-node=\"4\">Ti\u1ec7m B\u00f4ng Xinh<\/b><span class=\"\">,<\/span><span class=\"\"> ch\u00fang m\u00ecnh lu\u00f4n tuy\u1ec3n ch\u1ecdn nh\u1eefng c\u00e0nh hoa t\u01b0\u01a1i m\u1edbi nh\u1ea5t,<\/span><span class=\"\"> \u0111\u1ea3m b\u1ea3o \u0111\u1ed9 b\u1ec1n v\u00e0 d\u00e1ng hoa \u0111\u1eb9p nh\u1ea5t khi \u0111\u1ebfn tay kh\u00e1ch h\u00e0ng.<\/span><span class=\"\"> C\u00fac Tana kh\u00f4ng ch\u1ec9 l\u00e0 m\u1ed9t lo\u00e0i hoa,<\/span><span class=\"\"> \u0111\u00f3 l\u00e0 li\u1ec7u ph\u00e1p tinh th\u1ea7n gi\u00fap b\u1ea1n th\u01b0 gi\u00e3n sau nh\u1eefng gi\u1edd l\u00e0m vi\u1ec7c c\u0103ng th\u1eb3ng.<\/span><\/p>\n<ul data-path-to-node=\"11\">\n<li>\n<p data-path-to-node=\"11,0,0\"><b class=\"\" data-path-to-node=\"11,0,0\" data-index-in-node=\"0\">D\u00e1ng hoa:<\/b><span class=\"\"> C\u00e0nh d\u00e0i,<\/span><span class=\"\"> thanh m\u1ea3nh,<\/span><span class=\"\"> d\u1ec5 t\u1ea1o ki\u1ec3u.<\/span><\/p>\n<\/li>\n<li>\n<p data-path-to-node=\"11,1,0\"><b class=\"\" data-path-to-node=\"11,1,0\" data-index-in-node=\"0\">\u0110\u1ed9 b\u1ec1n:<\/b><span class=\"\"> Hoa t\u01b0\u01a1i l\u00e2u,<\/span><span class=\"\"> gi\u1eef m\u00e0u t\u1ed1t.<\/span><\/p>\n<\/li>\n<li>\n<p data-path-to-node=\"11,2,0\"><b class=\"\" data-path-to-node=\"11,2,0\" data-index-in-node=\"0\">Phong c\u00e1ch:<\/b><span class=\"\"> Ph\u00f9 h\u1ee3p decor vintage,<\/span><span class=\"\"> hi\u1ec7n \u0111\u1ea1i ho\u1eb7c t\u1ed1i gi\u1ea3n.<\/span><\/p>\n<\/li>\n<\/ul>\n","protected":false},"excerpt":{"rendered":"<p>Hoa Tana c\u00f3 m\u00e0u tr\u1eafng, c\u00f2n em th\u00ec c\u00f3 anh<\/p>\n","protected":false},"featured_media":85,"comment_status":"open","ping_status":"closed","template":"","meta":[],"product_brand":[],"product_cat":[52,49,32,55],"product_tag":[18],"class_list":{"0":"post-84","1":"product","2":"type-product","3":"status-publish","4":"has-post-thumbnail","6":"product_cat-gio-hoa","7":"product_cat-hoa-baby","8":"product_cat-mau-trang","9":"product_cat-tang-ban-be","10":"product_tag-gio-cuc-tana-mini","12":"first","13":"instock","14":"shipping-taxable","15":"purchasable","16":"product-type-variable"},"yoast_head":"<!-- This site is optimized with the Yoast SEO plugin v27.2 - https:\/\/yoast.com\/product\/yoast-seo-wordpress\/ -->\n<title>Gi\u1ecf c\u00fac tana mini - b\u00f4ng xinh<\/title>\n<meta name=\"description\" content=\"N\u1ebfu b\u1ea1n \u0111ang t\u00ecm ki\u1ebfm m\u1ed9t ch\u00fat b\u00ecnh y\u00ean gi\u1eefa ph\u1ed1 th\u1ecb \u1ed3n \u00e0o, h\u00e3y \u0111\u1ec3 nh\u1eefng nh\u00e0nh C\u00fac Tana thay l\u1eddi mu\u1ed1n n\u00f3i. Kh\u00e1c v\u1edbi nh\u1eefng b\u00f3 hoa ng\u1eafn th\u00f4ng th\u01b0\u1eddng, \u0111\u1ee3t Tana l\u1ea7n n\u00e0y s\u1edf h\u1eefu d\u00e1ng c\u00e0nh v\u01b0\u01a1n d\u00e0i thanh m\u1ea3nh, c\u1ef1c k\u1ef3 ph\u00f9 h\u1ee3p \u0111\u1ec3 b\u1ea1n c\u1eafm v\u00e0o nh\u1eefng chi\u1ebfc b\u00ecnh g\u1ed1m cao hay l\u1ecd th\u1ee7y tinh trong su\u1ed1t, t\u1ea1o n\u00ean m\u1ed9t n\u00e9t ngh\u1ec7 thu\u1eadt \u0111\u1ea7y ph\u00f3ng kho\u00e1ng cho kh\u00f4ng gian s\u1ed1ng.\" \/>\n<meta name=\"robots\" content=\"index, follow, max-snippet:-1, max-image-preview:large, max-video-preview:-1\" \/>\n<link rel=\"canonical\" href=\"https:\/\/xn--timbngxinh-ubb1372g.azdigi.shop\/index.php\/product\/gio-cuc-tana-mini\/\" \/>\n<meta property=\"og:locale\" content=\"vi_VN\" \/>\n<meta property=\"og:type\" content=\"article\" \/>\n<meta property=\"og:title\" content=\"Gi\u1ecf c\u00fac tana mini - b\u00f4ng xinh\" \/>\n<meta property=\"og:description\" content=\"N\u1ebfu b\u1ea1n \u0111ang t\u00ecm ki\u1ebfm m\u1ed9t ch\u00fat b\u00ecnh y\u00ean gi\u1eefa ph\u1ed1 th\u1ecb \u1ed3n \u00e0o, h\u00e3y \u0111\u1ec3 nh\u1eefng nh\u00e0nh C\u00fac Tana thay l\u1eddi mu\u1ed1n n\u00f3i. Kh\u00e1c v\u1edbi nh\u1eefng b\u00f3 hoa ng\u1eafn th\u00f4ng th\u01b0\u1eddng, \u0111\u1ee3t Tana l\u1ea7n n\u00e0y s\u1edf h\u1eefu d\u00e1ng c\u00e0nh v\u01b0\u01a1n d\u00e0i thanh m\u1ea3nh, c\u1ef1c k\u1ef3 ph\u00f9 h\u1ee3p \u0111\u1ec3 b\u1ea1n c\u1eafm v\u00e0o nh\u1eefng chi\u1ebfc b\u00ecnh g\u1ed1m cao hay l\u1ecd th\u1ee7y tinh trong su\u1ed1t, t\u1ea1o n\u00ean m\u1ed9t n\u00e9t ngh\u1ec7 thu\u1eadt \u0111\u1ea7y ph\u00f3ng kho\u00e1ng cho kh\u00f4ng gian s\u1ed1ng.\" \/>\n<meta property=\"og:url\" content=\"https:\/\/xn--timbngxinh-ubb1372g.azdigi.shop\/index.php\/product\/gio-cuc-tana-mini\/\" \/>\n<meta property=\"og:site_name\" content=\"b\u00f4ng xinh\" \/>\n<meta property=\"article:modified_time\" content=\"2026-04-11T03:03:57+00:00\" \/>\n<meta property=\"og:image\" content=\"https:\/\/xn--timbngxinh-ubb1372g.azdigi.shop\/wp-content\/uploads\/2026\/03\/14431_gio-cuc-tana-mini-1.jpg\" \/>\n\t<meta property=\"og:image:width\" content=\"600\" \/>\n\t<meta property=\"og:image:height\" content=\"720\" \/>\n\t<meta property=\"og:image:type\" content=\"image\/jpeg\" \/>\n<meta name=\"twitter:card\" content=\"summary_large_image\" \/>\n<meta name=\"twitter:label1\" content=\"\u01af\u1edbc t\u00ednh th\u1eddi gian \u0111\u1ecdc\" \/>\n\t<meta name=\"twitter:data1\" content=\"2 ph\u00fat\" \/>\n<script type=\"application\/ld+json\" class=\"yoast-schema-graph\">{\"@context\":\"https:\/\/schema.org\",\"@graph\":[{\"@type\":\"WebPage\",\"@id\":\"https:\/\/xn--timbngxinh-ubb1372g.azdigi.shop\/index.php\/product\/gio-cuc-tana-mini\/\",\"url\":\"https:\/\/xn--timbngxinh-ubb1372g.azdigi.shop\/index.php\/product\/gio-cuc-tana-mini\/\",\"name\":\"Gi\u1ecf c\u00fac tana mini - b\u00f4ng xinh\",\"isPartOf\":{\"@id\":\"https:\/\/xn--timbngxinh-ubb1372g.azdigi.shop\/#website\"},\"primaryImageOfPage\":{\"@id\":\"https:\/\/xn--timbngxinh-ubb1372g.azdigi.shop\/index.php\/product\/gio-cuc-tana-mini\/#primaryimage\"},\"image\":{\"@id\":\"https:\/\/xn--timbngxinh-ubb1372g.azdigi.shop\/index.php\/product\/gio-cuc-tana-mini\/#primaryimage\"},\"thumbnailUrl\":\"https:\/\/xn--timbngxinh-ubb1372g.azdigi.shop\/wp-content\/uploads\/2026\/03\/14431_gio-cuc-tana-mini-1.jpg\",\"datePublished\":\"2026-03-22T01:26:31+00:00\",\"dateModified\":\"2026-04-11T03:03:57+00:00\",\"description\":\"N\u1ebfu b\u1ea1n \u0111ang t\u00ecm ki\u1ebfm m\u1ed9t ch\u00fat b\u00ecnh y\u00ean gi\u1eefa ph\u1ed1 th\u1ecb \u1ed3n \u00e0o, h\u00e3y \u0111\u1ec3 nh\u1eefng nh\u00e0nh C\u00fac Tana thay l\u1eddi mu\u1ed1n n\u00f3i. Kh\u00e1c v\u1edbi nh\u1eefng b\u00f3 hoa ng\u1eafn th\u00f4ng th\u01b0\u1eddng, \u0111\u1ee3t Tana l\u1ea7n n\u00e0y s\u1edf h\u1eefu d\u00e1ng c\u00e0nh v\u01b0\u01a1n d\u00e0i thanh m\u1ea3nh, c\u1ef1c k\u1ef3 ph\u00f9 h\u1ee3p \u0111\u1ec3 b\u1ea1n c\u1eafm v\u00e0o nh\u1eefng chi\u1ebfc b\u00ecnh g\u1ed1m cao hay l\u1ecd th\u1ee7y tinh trong su\u1ed1t, t\u1ea1o n\u00ean m\u1ed9t n\u00e9t ngh\u1ec7 thu\u1eadt \u0111\u1ea7y ph\u00f3ng kho\u00e1ng cho kh\u00f4ng gian s\u1ed1ng.\",\"breadcrumb\":{\"@id\":\"https:\/\/xn--timbngxinh-ubb1372g.azdigi.shop\/index.php\/product\/gio-cuc-tana-mini\/#breadcrumb\"},\"inLanguage\":\"vi\",\"potentialAction\":[{\"@type\":\"ReadAction\",\"target\":[\"https:\/\/xn--timbngxinh-ubb1372g.azdigi.shop\/index.php\/product\/gio-cuc-tana-mini\/\"]}]},{\"@type\":\"ImageObject\",\"inLanguage\":\"vi\",\"@id\":\"https:\/\/xn--timbngxinh-ubb1372g.azdigi.shop\/index.php\/product\/gio-cuc-tana-mini\/#primaryimage\",\"url\":\"https:\/\/xn--timbngxinh-ubb1372g.azdigi.shop\/wp-content\/uploads\/2026\/03\/14431_gio-cuc-tana-mini-1.jpg\",\"contentUrl\":\"https:\/\/xn--timbngxinh-ubb1372g.azdigi.shop\/wp-content\/uploads\/2026\/03\/14431_gio-cuc-tana-mini-1.jpg\",\"width\":600,\"height\":720},{\"@type\":\"BreadcrumbList\",\"@id\":\"https:\/\/xn--timbngxinh-ubb1372g.azdigi.shop\/index.php\/product\/gio-cuc-tana-mini\/#breadcrumb\",\"itemListElement\":[{\"@type\":\"ListItem\",\"position\":1,\"name\":\"Home\",\"item\":\"https:\/\/xn--timbngxinh-ubb1372g.azdigi.shop\/\"},{\"@type\":\"ListItem\",\"position\":2,\"name\":\"Shop\",\"item\":\"https:\/\/xn--timbngxinh-ubb1372g.azdigi.shop\/index.php\/shop\/\"},{\"@type\":\"ListItem\",\"position\":3,\"name\":\"Gi\u1ecf c\u00fac tana mini\"}]},{\"@type\":\"WebSite\",\"@id\":\"https:\/\/xn--timbngxinh-ubb1372g.azdigi.shop\/#website\",\"url\":\"https:\/\/xn--timbngxinh-ubb1372g.azdigi.shop\/\",\"name\":\"b\u00f4ng xinh\",\"description\":\"\",\"potentialAction\":[{\"@type\":\"SearchAction\",\"target\":{\"@type\":\"EntryPoint\",\"urlTemplate\":\"https:\/\/xn--timbngxinh-ubb1372g.azdigi.shop\/?s={search_term_string}\"},\"query-input\":{\"@type\":\"PropertyValueSpecification\",\"valueRequired\":true,\"valueName\":\"search_term_string\"}}],\"inLanguage\":\"vi\"}]}<\/script>\n<!-- \/ Yoast SEO plugin. -->","yoast_head_json":{"title":"Gi\u1ecf c\u00fac tana mini - b\u00f4ng xinh","description":"N\u1ebfu b\u1ea1n \u0111ang t\u00ecm ki\u1ebfm m\u1ed9t ch\u00fat b\u00ecnh y\u00ean gi\u1eefa ph\u1ed1 th\u1ecb \u1ed3n \u00e0o, h\u00e3y \u0111\u1ec3 nh\u1eefng nh\u00e0nh C\u00fac Tana thay l\u1eddi mu\u1ed1n n\u00f3i. Kh\u00e1c v\u1edbi nh\u1eefng b\u00f3 hoa ng\u1eafn th\u00f4ng th\u01b0\u1eddng, \u0111\u1ee3t Tana l\u1ea7n n\u00e0y s\u1edf h\u1eefu d\u00e1ng c\u00e0nh v\u01b0\u01a1n d\u00e0i thanh m\u1ea3nh, c\u1ef1c k\u1ef3 ph\u00f9 h\u1ee3p \u0111\u1ec3 b\u1ea1n c\u1eafm v\u00e0o nh\u1eefng chi\u1ebfc b\u00ecnh g\u1ed1m cao hay l\u1ecd th\u1ee7y tinh trong su\u1ed1t, t\u1ea1o n\u00ean m\u1ed9t n\u00e9t ngh\u1ec7 thu\u1eadt \u0111\u1ea7y ph\u00f3ng kho\u00e1ng cho kh\u00f4ng gian s\u1ed1ng.","robots":{"index":"index","follow":"follow","max-snippet":"max-snippet:-1","max-image-preview":"max-image-preview:large","max-video-preview":"max-video-preview:-1"},"canonical":"https:\/\/xn--timbngxinh-ubb1372g.azdigi.shop\/index.php\/product\/gio-cuc-tana-mini\/","og_locale":"vi_VN","og_type":"article","og_title":"Gi\u1ecf c\u00fac tana mini - b\u00f4ng xinh","og_description":"N\u1ebfu b\u1ea1n \u0111ang t\u00ecm ki\u1ebfm m\u1ed9t ch\u00fat b\u00ecnh y\u00ean gi\u1eefa ph\u1ed1 th\u1ecb \u1ed3n \u00e0o, h\u00e3y \u0111\u1ec3 nh\u1eefng nh\u00e0nh C\u00fac Tana thay l\u1eddi mu\u1ed1n n\u00f3i. Kh\u00e1c v\u1edbi nh\u1eefng b\u00f3 hoa ng\u1eafn th\u00f4ng th\u01b0\u1eddng, \u0111\u1ee3t Tana l\u1ea7n n\u00e0y s\u1edf h\u1eefu d\u00e1ng c\u00e0nh v\u01b0\u01a1n d\u00e0i thanh m\u1ea3nh, c\u1ef1c k\u1ef3 ph\u00f9 h\u1ee3p \u0111\u1ec3 b\u1ea1n c\u1eafm v\u00e0o nh\u1eefng chi\u1ebfc b\u00ecnh g\u1ed1m cao hay l\u1ecd th\u1ee7y tinh trong su\u1ed1t, t\u1ea1o n\u00ean m\u1ed9t n\u00e9t ngh\u1ec7 thu\u1eadt \u0111\u1ea7y ph\u00f3ng kho\u00e1ng cho kh\u00f4ng gian s\u1ed1ng.","og_url":"https:\/\/xn--timbngxinh-ubb1372g.azdigi.shop\/index.php\/product\/gio-cuc-tana-mini\/","og_site_name":"b\u00f4ng xinh","article_modified_time":"2026-04-11T03:03:57+00:00","og_image":[{"width":600,"height":720,"url":"https:\/\/xn--timbngxinh-ubb1372g.azdigi.shop\/wp-content\/uploads\/2026\/03\/14431_gio-cuc-tana-mini-1.jpg","type":"image\/jpeg"}],"twitter_card":"summary_large_image","twitter_misc":{"\u01af\u1edbc t\u00ednh th\u1eddi gian \u0111\u1ecdc":"2 ph\u00fat"},"schema":{"@context":"https:\/\/schema.org","@graph":[{"@type":"WebPage","@id":"https:\/\/xn--timbngxinh-ubb1372g.azdigi.shop\/index.php\/product\/gio-cuc-tana-mini\/","url":"https:\/\/xn--timbngxinh-ubb1372g.azdigi.shop\/index.php\/product\/gio-cuc-tana-mini\/","name":"Gi\u1ecf c\u00fac tana mini - b\u00f4ng xinh","isPartOf":{"@id":"https:\/\/xn--timbngxinh-ubb1372g.azdigi.shop\/#website"},"primaryImageOfPage":{"@id":"https:\/\/xn--timbngxinh-ubb1372g.azdigi.shop\/index.php\/product\/gio-cuc-tana-mini\/#primaryimage"},"image":{"@id":"https:\/\/xn--timbngxinh-ubb1372g.azdigi.shop\/index.php\/product\/gio-cuc-tana-mini\/#primaryimage"},"thumbnailUrl":"https:\/\/xn--timbngxinh-ubb1372g.azdigi.shop\/wp-content\/uploads\/2026\/03\/14431_gio-cuc-tana-mini-1.jpg","datePublished":"2026-03-22T01:26:31+00:00","dateModified":"2026-04-11T03:03:57+00:00","description":"N\u1ebfu b\u1ea1n \u0111ang t\u00ecm ki\u1ebfm m\u1ed9t ch\u00fat b\u00ecnh y\u00ean gi\u1eefa ph\u1ed1 th\u1ecb \u1ed3n \u00e0o, h\u00e3y \u0111\u1ec3 nh\u1eefng nh\u00e0nh C\u00fac Tana thay l\u1eddi mu\u1ed1n n\u00f3i. Kh\u00e1c v\u1edbi nh\u1eefng b\u00f3 hoa ng\u1eafn th\u00f4ng th\u01b0\u1eddng, \u0111\u1ee3t Tana l\u1ea7n n\u00e0y s\u1edf h\u1eefu d\u00e1ng c\u00e0nh v\u01b0\u01a1n d\u00e0i thanh m\u1ea3nh, c\u1ef1c k\u1ef3 ph\u00f9 h\u1ee3p \u0111\u1ec3 b\u1ea1n c\u1eafm v\u00e0o nh\u1eefng chi\u1ebfc b\u00ecnh g\u1ed1m cao hay l\u1ecd th\u1ee7y tinh trong su\u1ed1t, t\u1ea1o n\u00ean m\u1ed9t n\u00e9t ngh\u1ec7 thu\u1eadt \u0111\u1ea7y ph\u00f3ng kho\u00e1ng cho kh\u00f4ng gian s\u1ed1ng.","breadcrumb":{"@id":"https:\/\/xn--timbngxinh-ubb1372g.azdigi.shop\/index.php\/product\/gio-cuc-tana-mini\/#breadcrumb"},"inLanguage":"vi","potentialAction":[{"@type":"ReadAction","target":["https:\/\/xn--timbngxinh-ubb1372g.azdigi.shop\/index.php\/product\/gio-cuc-tana-mini\/"]}]},{"@type":"ImageObject","inLanguage":"vi","@id":"https:\/\/xn--timbngxinh-ubb1372g.azdigi.shop\/index.php\/product\/gio-cuc-tana-mini\/#primaryimage","url":"https:\/\/xn--timbngxinh-ubb1372g.azdigi.shop\/wp-content\/uploads\/2026\/03\/14431_gio-cuc-tana-mini-1.jpg","contentUrl":"https:\/\/xn--timbngxinh-ubb1372g.azdigi.shop\/wp-content\/uploads\/2026\/03\/14431_gio-cuc-tana-mini-1.jpg","width":600,"height":720},{"@type":"BreadcrumbList","@id":"https:\/\/xn--timbngxinh-ubb1372g.azdigi.shop\/index.php\/product\/gio-cuc-tana-mini\/#breadcrumb","itemListElement":[{"@type":"ListItem","position":1,"name":"Home","item":"https:\/\/xn--timbngxinh-ubb1372g.azdigi.shop\/"},{"@type":"ListItem","position":2,"name":"Shop","item":"https:\/\/xn--timbngxinh-ubb1372g.azdigi.shop\/index.php\/shop\/"},{"@type":"ListItem","position":3,"name":"Gi\u1ecf c\u00fac tana mini"}]},{"@type":"WebSite","@id":"https:\/\/xn--timbngxinh-ubb1372g.azdigi.shop\/#website","url":"https:\/\/xn--timbngxinh-ubb1372g.azdigi.shop\/","name":"b\u00f4ng xinh","description":"","potentialAction":[{"@type":"SearchAction","target":{"@type":"EntryPoint","urlTemplate":"https:\/\/xn--timbngxinh-ubb1372g.azdigi.shop\/?s={search_term_string}"},"query-input":{"@type":"PropertyValueSpecification","valueRequired":true,"valueName":"search_term_string"}}],"inLanguage":"vi"}]}},"jetpack_sharing_enabled":true,"_links":{"self":[{"href":"https:\/\/xn--timbngxinh-ubb1372g.azdigi.shop\/index.php\/wp-json\/wp\/v2\/product\/84","targetHints":{"allow":["GET"]}}],"collection":[{"href":"https:\/\/xn--timbngxinh-ubb1372g.azdigi.shop\/index.php\/wp-json\/wp\/v2\/product"}],"about":[{"href":"https:\/\/xn--timbngxinh-ubb1372g.azdigi.shop\/index.php\/wp-json\/wp\/v2\/types\/product"}],"replies":[{"embeddable":true,"href":"https:\/\/xn--timbngxinh-ubb1372g.azdigi.shop\/index.php\/wp-json\/wp\/v2\/comments?post=84"}],"wp:featuredmedia":[{"embeddable":true,"href":"https:\/\/xn--timbngxinh-ubb1372g.azdigi.shop\/index.php\/wp-json\/wp\/v2\/media\/85"}],"wp:attachment":[{"href":"https:\/\/xn--timbngxinh-ubb1372g.azdigi.shop\/index.php\/wp-json\/wp\/v2\/media?parent=84"}],"wp:term":[{"taxonomy":"product_brand","embeddable":true,"href":"https:\/\/xn--timbngxinh-ubb1372g.azdigi.shop\/index.php\/wp-json\/wp\/v2\/product_brand?post=84"},{"taxonomy":"product_cat","embeddable":true,"href":"https:\/\/xn--timbngxinh-ubb1372g.azdigi.shop\/index.php\/wp-json\/wp\/v2\/product_cat?post=84"},{"taxonomy":"product_tag","embeddable":true,"href":"https:\/\/xn--timbngxinh-ubb1372g.azdigi.shop\/index.php\/wp-json\/wp\/v2\/product_tag?post=84"}],"curies":[{"name":"wp","href":"https:\/\/api.w.org\/{rel}","templated":true}]}}