{"id":503,"date":"2026-04-12T06:10:01","date_gmt":"2026-04-11T23:10:01","guid":{"rendered":"https:\/\/xn--timbngxinh-ubb1372g.azdigi.shop\/?post_type=product&#038;p=503"},"modified":"2026-04-12T06:10:02","modified_gmt":"2026-04-11T23:10:02","slug":"lang-hoa-thanh-cong","status":"publish","type":"product","link":"https:\/\/xn--timbngxinh-ubb1372g.azdigi.shop\/index.php\/product\/lang-hoa-thanh-cong\/","title":{"rendered":"L\u1eb5ng Hoa Th\u00e0nh C\u00f4ng"},"content":{"rendered":"<hr \/>\n<h1 data-path-to-node=\"3\">L\u00e3ng Hoa TH\u00c0NH C\u00d4NG \u2013 V\u1eefng B\u01b0\u1edbc Ti\u1ebfn V\u1ec1 Ph\u00eda Tr\u01b0\u1edbc<\/h1>\n<p><img decoding=\"async\" src=\"https:\/\/hoayeuthuong.com\/hinh-hoa-tuoi\/hoa-lan\/5277_manh-me-tien-buoc.jpg\" \/><\/p>\n<p data-path-to-node=\"4\"><i data-path-to-node=\"4\" data-index-in-node=\"0\">&#8220;Th\u00e0nh c\u00f4ng kh\u00f4ng ch\u1ec9 l\u00e0 \u0111\u00edch \u0111\u1ebfn, m\u00e0 l\u00e0 s\u1ef1 an t\u00e2m khi bi\u1ebft b\u1ea1n \u0111\u00e3 n\u1ed7 l\u1ef1c h\u1ebft m\u00ecnh.&#8221;<\/i><\/p>\n<p data-path-to-node=\"5\">L\u00e3ng hoa \u0111\u01b0\u1ee3c thi\u1ebft k\u1ebf v\u1edbi t\u00f4ng \u0111\u1ecf r\u1ef1c r\u1ee1 ch\u1ee7 \u0111\u1ea1o, t\u01b0\u1ee3ng tr\u01b0ng cho nhi\u1ec7t huy\u1ebft, s\u1ee9c m\u1ea1nh v\u00e0 \u00fd ch\u00ed qu\u1eadt c\u01b0\u1eddng. \u0110\u00e2y l\u00e0 m\u00f3n qu\u00e0 ho\u00e0n h\u1ea3o \u0111\u1ec3 kh\u00edch l\u1ec7 tinh th\u1ea7n, ch\u00fac m\u1eebng nh\u1eefng c\u1ed9t m\u1ed1c quan tr\u1ecdng c\u1ee7a b\u1ea1n b\u00e8, ng\u01b0\u1eddi th\u00e2n v\u00e0 \u0111\u1ed1i t\u00e1c.<\/p>\n<hr data-path-to-node=\"6\" \/>\n<h3 data-path-to-node=\"7\">\ud83c\udf1f Th\u00f4ng \u0111i\u1ec7p \u00fd ngh\u0129a<\/h3>\n<p data-path-to-node=\"8\">M\u1ed7i lo\u00e0i hoa trong l\u00e3ng hoa n\u00e0y \u0111\u1ec1u mang m\u1ed9t t\u1ea7ng \u00fd ngh\u0129a s\u00e2u s\u1eafc, c\u00f9ng nhau t\u1ea1o n\u00ean m\u1ed9t b\u1ea3n h\u00f2a ca v\u1ec1 s\u1ef1 th\u00e0nh \u0111\u1ea1t:<\/p>\n<ul data-path-to-node=\"9\">\n<li>\n<p data-path-to-node=\"9,0,0\"><b data-path-to-node=\"9,0,0\" data-index-in-node=\"0\">Hoa H\u1ea1nh Ph\u00fac:<\/b> Mang l\u1ea1i c\u1ea3m gi\u00e1c vi\u00ean m\u00e3n v\u00e0 ni\u1ec1m vui lan t\u1ecfa.<\/p>\n<\/li>\n<li>\n<p data-path-to-node=\"9,1,0\"><b data-path-to-node=\"9,1,0\" data-index-in-node=\"0\">H\u1ed3ng \u0110\u1ecf Sa &amp; M\u00f4n \u0110\u1ecf:<\/b> Bi\u1ec3u t\u01b0\u1ee3ng c\u1ee7a s\u1ef1 may m\u1eafn, r\u1ef1c r\u1ee1 v\u00e0 th\u00e0nh c\u00f4ng vang d\u1ed9i.<\/p>\n<\/li>\n<li>\n<p data-path-to-node=\"9,2,0\"><b data-path-to-node=\"9,2,0\" data-index-in-node=\"0\">Lan Moka \u0110\u1ecf &amp; Lan B\u00f2 C\u1ea1p:<\/b> Th\u1ec3 hi\u1ec7n s\u1ef1 ki\u00eau h\u00e3nh, b\u1ec1n b\u1ec9 v\u00e0 v\u01b0\u01a1n cao d\u00f9 trong b\u1ea5t k\u1ef3 \u0111i\u1ec1u ki\u1ec7n kh\u00f3 kh\u0103n n\u00e0o.<\/p>\n<\/li>\n<li>\n<p data-path-to-node=\"9,3,0\"><b data-path-to-node=\"9,3,0\" data-index-in-node=\"0\">Lily H\u1ed3ng:<\/b> S\u1ef1 thanh cao v\u00e0 l\u1eddi ch\u00fac v\u1ec1 m\u1ed9t t\u01b0\u01a1ng lai th\u1ecbnh v\u01b0\u1ee3ng, t\u1ed1t \u0111\u1eb9p.<\/p>\n<\/li>\n<\/ul>\n<hr data-path-to-node=\"10\" \/>\n<h3 data-path-to-node=\"11\">\ud83d\udccb Chi ti\u1ebft s\u1ea3n ph\u1ea9m<\/h3>\n<p data-path-to-node=\"12\">L\u00e3ng hoa \u0111\u01b0\u1ee3c c\u1eafm th\u1ee7 c\u00f4ng b\u1edfi c\u00e1c ngh\u1ec7 nh\u00e2n t\u00e2m huy\u1ebft, bao g\u1ed3m:<\/p>\n<ul data-path-to-node=\"13\">\n<li>\n<p data-path-to-node=\"13,0,0\"><b data-path-to-node=\"13,0,0\" data-index-in-node=\"0\">Hoa H\u1ea1nh Ph\u00fac:<\/b> 6 c\u00e0nh<\/p>\n<\/li>\n<li>\n<p data-path-to-node=\"13,1,0\"><b data-path-to-node=\"13,1,0\" data-index-in-node=\"0\">H\u1ed3ng \u0110\u1ecf Sa:<\/b> 30 c\u00e0nh<\/p>\n<\/li>\n<li>\n<p data-path-to-node=\"13,2,0\"><b data-path-to-node=\"13,2,0\" data-index-in-node=\"0\">Lan B\u00f2 C\u1ea1p:<\/b> 10 c\u00e0nh<\/p>\n<\/li>\n<li>\n<p data-path-to-node=\"13,3,0\"><b data-path-to-node=\"13,3,0\" data-index-in-node=\"0\">Lan Moka \u0110\u1ecf:<\/b> 20 c\u00e0nh<\/p>\n<\/li>\n<li>\n<p data-path-to-node=\"13,4,0\"><b data-path-to-node=\"13,4,0\" data-index-in-node=\"0\">Lily H\u1ed3ng:<\/b> 6 c\u00e0nh<\/p>\n<\/li>\n<li>\n<p data-path-to-node=\"13,5,0\"><b data-path-to-node=\"13,5,0\" data-index-in-node=\"0\">M\u00f4n \u0110\u1ecf:<\/b> 15 c\u00e0nh<\/p>\n<\/li>\n<li>\n<p data-path-to-node=\"13,6,0\">K\u1ebft h\u1ee3p c\u00f9ng c\u00e1c lo\u1ea1i l\u00e1 ph\u1ee5 v\u00e0 k\u1ec7 t\u1ea7ng sang tr\u1ecdng.<\/p>\n<\/li>\n<\/ul>\n<hr data-path-to-node=\"14\" \/>\n<h3 data-path-to-node=\"15\">\ud83d\udee1\ufe0f Cam k\u1ebft ch\u1ea5t l\u01b0\u1ee3ng t\u1eeb c\u1eeda h\u00e0ng<\/h3>\n<p data-path-to-node=\"16\">Ch\u00fang t\u00f4i hi\u1ec3u r\u1eb1ng hoa l\u00e0 s\u1ea3n ph\u1ea9m c\u1ee7a thi\u00ean nhi\u00ean v\u00e0 b\u00e0n tay ngh\u1ec7 thu\u1eadt.<\/p>\n<blockquote data-path-to-node=\"17\">\n<p data-path-to-node=\"17,0\"><b data-path-to-node=\"17,0\" data-index-in-node=\"0\">L\u01b0u \u00fd:<\/b> S\u1ea3n ph\u1ea9m th\u1ef1c t\u1ebf c\u00f3 th\u1ec3 c\u00f3 s\u1ef1 kh\u00e1c bi\u1ec7t nh\u1ecf v\u1ec1 h\u00ecnh d\u00e1ng hoa ho\u1eb7c ph\u1ee5 ki\u1ec7n t\u00f9y theo m\u00f9a v\u1ee5 v\u00e0 t\u00ednh ch\u1ea5t th\u1ee7 c\u00f4ng. Tuy nhi\u00ean, ch\u00fang t\u00f4i cam k\u1ebft \u0111\u1ea3m b\u1ea3o <b data-path-to-node=\"17,0\" data-index-in-node=\"158\">\u0111\u00fang tone m\u00e0u, s\u1ed1 l\u01b0\u1ee3ng hoa v\u00e0 gi\u00e1 tr\u1ecb th\u1ea9m m\u1ef9<\/b> cao nh\u1ea5t cho kh\u00e1ch h\u00e0ng.<\/p>\n<\/blockquote>\n<hr data-path-to-node=\"18\" \/>\n<h3 data-path-to-node=\"19\">\ud83c\udf81 T\u1ea1i sao n\u00ean ch\u1ecdn l\u00e3ng hoa n\u00e0y?<\/h3>\n<ol start=\"1\" data-path-to-node=\"20\">\n<li>\n<p data-path-to-node=\"20,0,0\"><b data-path-to-node=\"20,0,0\" data-index-in-node=\"0\">Thi\u1ebft k\u1ebf ho\u00e0nh tr\u00e1ng:<\/b> Th\u1ec3 hi\u1ec7n \u0111\u1eb3ng c\u1ea5p v\u00e0 s\u1ef1 t\u00f4n tr\u1ecdng d\u00e0nh cho ng\u01b0\u1eddi nh\u1eadn.<\/p>\n<\/li>\n<li>\n<p data-path-to-node=\"20,1,0\"><b data-path-to-node=\"20,1,0\" data-index-in-node=\"0\">Giao h\u00e0ng h\u1ecfa t\u1ed1c:<\/b> \u0110\u1ea3m b\u1ea3o hoa lu\u00f4n t\u01b0\u01a1i m\u1edbi khi \u0111\u1ebfn tay ng\u01b0\u1eddi nh\u1eadn.<\/p>\n<\/li>\n<li>\n<p data-path-to-node=\"20,2,0\"><b data-path-to-node=\"20,2,0\" data-index-in-node=\"0\">Qu\u00e0 t\u1eb7ng \u0111i k\u00e8m:<\/b> Mi\u1ec5n ph\u00ed banner ch\u00fac m\u1eebng v\u1edbi n\u1ed9i dung thi\u1ebft k\u1ebf ri\u00eang theo th\u00f4ng \u0111i\u1ec7p b\u1ea1n mu\u1ed1n g\u1eedi g\u1eafm<\/p>\n<\/li>\n<\/ol>\n","protected":false},"excerpt":{"rendered":"<p>L\u00e3ng Hoa TH\u00c0NH C\u00d4NG \u2013 V\u1eefng B\u01b0\u1edbc Ti\u1ebfn V\u1ec1 Ph\u00eda Tr\u01b0\u1edbc &#8220;Th\u00e0nh c\u00f4ng kh\u00f4ng ch\u1ec9 l\u00e0 \u0111\u00edch \u0111\u1ebfn, m\u00e0 l\u00e0 s\u1ef1 an t\u00e2m khi bi\u1ebft b\u1ea1n \u0111\u00e3 n\u1ed7 l\u1ef1c h\u1ebft m\u00ecnh.&#8221; L\u00e3ng hoa \u0111\u01b0\u1ee3c thi\u1ebft k\u1ebf v\u1edbi t\u00f4ng \u0111\u1ecf r\u1ef1c r\u1ee1 ch\u1ee7 \u0111\u1ea1o, t\u01b0\u1ee3ng tr\u01b0ng cho nhi\u1ec7t huy\u1ebft, s\u1ee9c m\u1ea1nh v\u00e0 \u00fd ch\u00ed qu\u1eadt c\u01b0\u1eddng. [&#8230;]\n","protected":false},"featured_media":504,"comment_status":"open","ping_status":"closed","template":"","meta":[],"product_brand":[],"product_cat":[58,53,47,45,46,55,56,57],"product_tag":[],"class_list":{"0":"post-503","1":"product","2":"type-product","3":"status-publish","4":"has-post-thumbnail","6":"product_cat-hoa-lan","7":"product_cat-lang-hoa","8":"product_cat-mau-do","9":"product_cat-mau-hong","10":"product_cat-mau-tim","11":"product_cat-tang-ban-be","12":"product_cat-tang-sep","13":"product_cat-tang-thay-co","15":"first","16":"instock","17":"shipping-taxable","18":"purchasable","19":"product-type-variable"},"yoast_head":"<!-- This site is optimized with the Yoast SEO plugin v27.2 - https:\/\/yoast.com\/product\/yoast-seo-wordpress\/ -->\n<title>L\u1eb5ng Hoa Th\u00e0nh C\u00f4ng - b\u00f4ng xinh<\/title>\n<meta name=\"description\" content=\"Mua ngay L\u00e3ng hoa th\u00e0nh c\u00f4ng t\u1ea1i Ti\u1ec7m B\u00f4ng Xinh. Thi\u1ebft k\u1ebf sang tr\u1ecdng v\u1edbi h\u1ed3ng \u0111\u1ecf, m\u00f4n \u0111\u1ecf, giao hoa nhanh n\u1ed9i th\u00e0nh.\" \/>\n<meta name=\"robots\" content=\"index, follow, max-snippet:-1, max-image-preview:large, max-video-preview:-1\" \/>\n<link rel=\"canonical\" href=\"https:\/\/xn--timbngxinh-ubb1372g.azdigi.shop\/index.php\/product\/lang-hoa-thanh-cong\/\" \/>\n<meta property=\"og:locale\" content=\"vi_VN\" \/>\n<meta property=\"og:type\" content=\"article\" \/>\n<meta property=\"og:title\" content=\"L\u1eb5ng Hoa Th\u00e0nh C\u00f4ng - b\u00f4ng xinh\" \/>\n<meta property=\"og:description\" content=\"Mua ngay L\u00e3ng hoa th\u00e0nh c\u00f4ng t\u1ea1i Ti\u1ec7m B\u00f4ng Xinh. Thi\u1ebft k\u1ebf sang tr\u1ecdng v\u1edbi h\u1ed3ng \u0111\u1ecf, m\u00f4n \u0111\u1ecf, giao hoa nhanh n\u1ed9i th\u00e0nh.\" \/>\n<meta property=\"og:url\" content=\"https:\/\/xn--timbngxinh-ubb1372g.azdigi.shop\/index.php\/product\/lang-hoa-thanh-cong\/\" \/>\n<meta property=\"og:site_name\" content=\"b\u00f4ng xinh\" \/>\n<meta property=\"article:modified_time\" content=\"2026-04-11T23:10:02+00:00\" \/>\n<meta property=\"og:image\" content=\"https:\/\/xn--timbngxinh-ubb1372g.azdigi.shop\/wp-content\/uploads\/2026\/04\/5277_manh-me-tien-buoc.jpg\" \/>\n\t<meta property=\"og:image:width\" content=\"300\" \/>\n\t<meta property=\"og:image:height\" content=\"360\" \/>\n\t<meta property=\"og:image:type\" content=\"image\/jpeg\" \/>\n<meta name=\"twitter:card\" content=\"summary_large_image\" \/>\n<meta name=\"twitter:label1\" content=\"\u01af\u1edbc t\u00ednh th\u1eddi gian \u0111\u1ecdc\" \/>\n\t<meta name=\"twitter:data1\" content=\"3 ph\u00fat\" \/>\n<script type=\"application\/ld+json\" class=\"yoast-schema-graph\">{\"@context\":\"https:\/\/schema.org\",\"@graph\":[{\"@type\":\"WebPage\",\"@id\":\"https:\/\/xn--timbngxinh-ubb1372g.azdigi.shop\/index.php\/product\/lang-hoa-thanh-cong\/\",\"url\":\"https:\/\/xn--timbngxinh-ubb1372g.azdigi.shop\/index.php\/product\/lang-hoa-thanh-cong\/\",\"name\":\"L\u1eb5ng Hoa Th\u00e0nh C\u00f4ng - b\u00f4ng xinh\",\"isPartOf\":{\"@id\":\"https:\/\/xn--timbngxinh-ubb1372g.azdigi.shop\/#website\"},\"primaryImageOfPage\":{\"@id\":\"https:\/\/xn--timbngxinh-ubb1372g.azdigi.shop\/index.php\/product\/lang-hoa-thanh-cong\/#primaryimage\"},\"image\":{\"@id\":\"https:\/\/xn--timbngxinh-ubb1372g.azdigi.shop\/index.php\/product\/lang-hoa-thanh-cong\/#primaryimage\"},\"thumbnailUrl\":\"https:\/\/xn--timbngxinh-ubb1372g.azdigi.shop\/wp-content\/uploads\/2026\/04\/5277_manh-me-tien-buoc.jpg\",\"datePublished\":\"2026-04-11T23:10:01+00:00\",\"dateModified\":\"2026-04-11T23:10:02+00:00\",\"description\":\"Mua ngay L\u00e3ng hoa th\u00e0nh c\u00f4ng t\u1ea1i Ti\u1ec7m B\u00f4ng Xinh. Thi\u1ebft k\u1ebf sang tr\u1ecdng v\u1edbi h\u1ed3ng \u0111\u1ecf, m\u00f4n \u0111\u1ecf, giao hoa nhanh n\u1ed9i th\u00e0nh.\",\"breadcrumb\":{\"@id\":\"https:\/\/xn--timbngxinh-ubb1372g.azdigi.shop\/index.php\/product\/lang-hoa-thanh-cong\/#breadcrumb\"},\"inLanguage\":\"vi\",\"potentialAction\":[{\"@type\":\"ReadAction\",\"target\":[\"https:\/\/xn--timbngxinh-ubb1372g.azdigi.shop\/index.php\/product\/lang-hoa-thanh-cong\/\"]}]},{\"@type\":\"ImageObject\",\"inLanguage\":\"vi\",\"@id\":\"https:\/\/xn--timbngxinh-ubb1372g.azdigi.shop\/index.php\/product\/lang-hoa-thanh-cong\/#primaryimage\",\"url\":\"https:\/\/xn--timbngxinh-ubb1372g.azdigi.shop\/wp-content\/uploads\/2026\/04\/5277_manh-me-tien-buoc.jpg\",\"contentUrl\":\"https:\/\/xn--timbngxinh-ubb1372g.azdigi.shop\/wp-content\/uploads\/2026\/04\/5277_manh-me-tien-buoc.jpg\",\"width\":300,\"height\":360},{\"@type\":\"BreadcrumbList\",\"@id\":\"https:\/\/xn--timbngxinh-ubb1372g.azdigi.shop\/index.php\/product\/lang-hoa-thanh-cong\/#breadcrumb\",\"itemListElement\":[{\"@type\":\"ListItem\",\"position\":1,\"name\":\"Home\",\"item\":\"https:\/\/xn--timbngxinh-ubb1372g.azdigi.shop\/\"},{\"@type\":\"ListItem\",\"position\":2,\"name\":\"Shop\",\"item\":\"https:\/\/xn--timbngxinh-ubb1372g.azdigi.shop\/index.php\/shop\/\"},{\"@type\":\"ListItem\",\"position\":3,\"name\":\"L\u1eb5ng Hoa Th\u00e0nh C\u00f4ng\"}]},{\"@type\":\"WebSite\",\"@id\":\"https:\/\/xn--timbngxinh-ubb1372g.azdigi.shop\/#website\",\"url\":\"https:\/\/xn--timbngxinh-ubb1372g.azdigi.shop\/\",\"name\":\"b\u00f4ng xinh\",\"description\":\"\",\"potentialAction\":[{\"@type\":\"SearchAction\",\"target\":{\"@type\":\"EntryPoint\",\"urlTemplate\":\"https:\/\/xn--timbngxinh-ubb1372g.azdigi.shop\/?s={search_term_string}\"},\"query-input\":{\"@type\":\"PropertyValueSpecification\",\"valueRequired\":true,\"valueName\":\"search_term_string\"}}],\"inLanguage\":\"vi\"}]}<\/script>\n<!-- \/ Yoast SEO plugin. -->","yoast_head_json":{"title":"L\u1eb5ng Hoa Th\u00e0nh C\u00f4ng - b\u00f4ng xinh","description":"Mua ngay L\u00e3ng hoa th\u00e0nh c\u00f4ng t\u1ea1i Ti\u1ec7m B\u00f4ng Xinh. Thi\u1ebft k\u1ebf sang tr\u1ecdng v\u1edbi h\u1ed3ng \u0111\u1ecf, m\u00f4n \u0111\u1ecf, giao hoa nhanh n\u1ed9i th\u00e0nh.","robots":{"index":"index","follow":"follow","max-snippet":"max-snippet:-1","max-image-preview":"max-image-preview:large","max-video-preview":"max-video-preview:-1"},"canonical":"https:\/\/xn--timbngxinh-ubb1372g.azdigi.shop\/index.php\/product\/lang-hoa-thanh-cong\/","og_locale":"vi_VN","og_type":"article","og_title":"L\u1eb5ng Hoa Th\u00e0nh C\u00f4ng - b\u00f4ng xinh","og_description":"Mua ngay L\u00e3ng hoa th\u00e0nh c\u00f4ng t\u1ea1i Ti\u1ec7m B\u00f4ng Xinh. Thi\u1ebft k\u1ebf sang tr\u1ecdng v\u1edbi h\u1ed3ng \u0111\u1ecf, m\u00f4n \u0111\u1ecf, giao hoa nhanh n\u1ed9i th\u00e0nh.","og_url":"https:\/\/xn--timbngxinh-ubb1372g.azdigi.shop\/index.php\/product\/lang-hoa-thanh-cong\/","og_site_name":"b\u00f4ng xinh","article_modified_time":"2026-04-11T23:10:02+00:00","og_image":[{"width":300,"height":360,"url":"https:\/\/xn--timbngxinh-ubb1372g.azdigi.shop\/wp-content\/uploads\/2026\/04\/5277_manh-me-tien-buoc.jpg","type":"image\/jpeg"}],"twitter_card":"summary_large_image","twitter_misc":{"\u01af\u1edbc t\u00ednh th\u1eddi gian \u0111\u1ecdc":"3 ph\u00fat"},"schema":{"@context":"https:\/\/schema.org","@graph":[{"@type":"WebPage","@id":"https:\/\/xn--timbngxinh-ubb1372g.azdigi.shop\/index.php\/product\/lang-hoa-thanh-cong\/","url":"https:\/\/xn--timbngxinh-ubb1372g.azdigi.shop\/index.php\/product\/lang-hoa-thanh-cong\/","name":"L\u1eb5ng Hoa Th\u00e0nh C\u00f4ng - b\u00f4ng xinh","isPartOf":{"@id":"https:\/\/xn--timbngxinh-ubb1372g.azdigi.shop\/#website"},"primaryImageOfPage":{"@id":"https:\/\/xn--timbngxinh-ubb1372g.azdigi.shop\/index.php\/product\/lang-hoa-thanh-cong\/#primaryimage"},"image":{"@id":"https:\/\/xn--timbngxinh-ubb1372g.azdigi.shop\/index.php\/product\/lang-hoa-thanh-cong\/#primaryimage"},"thumbnailUrl":"https:\/\/xn--timbngxinh-ubb1372g.azdigi.shop\/wp-content\/uploads\/2026\/04\/5277_manh-me-tien-buoc.jpg","datePublished":"2026-04-11T23:10:01+00:00","dateModified":"2026-04-11T23:10:02+00:00","description":"Mua ngay L\u00e3ng hoa th\u00e0nh c\u00f4ng t\u1ea1i Ti\u1ec7m B\u00f4ng Xinh. Thi\u1ebft k\u1ebf sang tr\u1ecdng v\u1edbi h\u1ed3ng \u0111\u1ecf, m\u00f4n \u0111\u1ecf, giao hoa nhanh n\u1ed9i th\u00e0nh.","breadcrumb":{"@id":"https:\/\/xn--timbngxinh-ubb1372g.azdigi.shop\/index.php\/product\/lang-hoa-thanh-cong\/#breadcrumb"},"inLanguage":"vi","potentialAction":[{"@type":"ReadAction","target":["https:\/\/xn--timbngxinh-ubb1372g.azdigi.shop\/index.php\/product\/lang-hoa-thanh-cong\/"]}]},{"@type":"ImageObject","inLanguage":"vi","@id":"https:\/\/xn--timbngxinh-ubb1372g.azdigi.shop\/index.php\/product\/lang-hoa-thanh-cong\/#primaryimage","url":"https:\/\/xn--timbngxinh-ubb1372g.azdigi.shop\/wp-content\/uploads\/2026\/04\/5277_manh-me-tien-buoc.jpg","contentUrl":"https:\/\/xn--timbngxinh-ubb1372g.azdigi.shop\/wp-content\/uploads\/2026\/04\/5277_manh-me-tien-buoc.jpg","width":300,"height":360},{"@type":"BreadcrumbList","@id":"https:\/\/xn--timbngxinh-ubb1372g.azdigi.shop\/index.php\/product\/lang-hoa-thanh-cong\/#breadcrumb","itemListElement":[{"@type":"ListItem","position":1,"name":"Home","item":"https:\/\/xn--timbngxinh-ubb1372g.azdigi.shop\/"},{"@type":"ListItem","position":2,"name":"Shop","item":"https:\/\/xn--timbngxinh-ubb1372g.azdigi.shop\/index.php\/shop\/"},{"@type":"ListItem","position":3,"name":"L\u1eb5ng Hoa Th\u00e0nh C\u00f4ng"}]},{"@type":"WebSite","@id":"https:\/\/xn--timbngxinh-ubb1372g.azdigi.shop\/#website","url":"https:\/\/xn--timbngxinh-ubb1372g.azdigi.shop\/","name":"b\u00f4ng xinh","description":"","potentialAction":[{"@type":"SearchAction","target":{"@type":"EntryPoint","urlTemplate":"https:\/\/xn--timbngxinh-ubb1372g.azdigi.shop\/?s={search_term_string}"},"query-input":{"@type":"PropertyValueSpecification","valueRequired":true,"valueName":"search_term_string"}}],"inLanguage":"vi"}]}},"jetpack_sharing_enabled":true,"_links":{"self":[{"href":"https:\/\/xn--timbngxinh-ubb1372g.azdigi.shop\/index.php\/wp-json\/wp\/v2\/product\/503","targetHints":{"allow":["GET"]}}],"collection":[{"href":"https:\/\/xn--timbngxinh-ubb1372g.azdigi.shop\/index.php\/wp-json\/wp\/v2\/product"}],"about":[{"href":"https:\/\/xn--timbngxinh-ubb1372g.azdigi.shop\/index.php\/wp-json\/wp\/v2\/types\/product"}],"replies":[{"embeddable":true,"href":"https:\/\/xn--timbngxinh-ubb1372g.azdigi.shop\/index.php\/wp-json\/wp\/v2\/comments?post=503"}],"wp:featuredmedia":[{"embeddable":true,"href":"https:\/\/xn--timbngxinh-ubb1372g.azdigi.shop\/index.php\/wp-json\/wp\/v2\/media\/504"}],"wp:attachment":[{"href":"https:\/\/xn--timbngxinh-ubb1372g.azdigi.shop\/index.php\/wp-json\/wp\/v2\/media?parent=503"}],"wp:term":[{"taxonomy":"product_brand","embeddable":true,"href":"https:\/\/xn--timbngxinh-ubb1372g.azdigi.shop\/index.php\/wp-json\/wp\/v2\/product_brand?post=503"},{"taxonomy":"product_cat","embeddable":true,"href":"https:\/\/xn--timbngxinh-ubb1372g.azdigi.shop\/index.php\/wp-json\/wp\/v2\/product_cat?post=503"},{"taxonomy":"product_tag","embeddable":true,"href":"https:\/\/xn--timbngxinh-ubb1372g.azdigi.shop\/index.php\/wp-json\/wp\/v2\/product_tag?post=503"}],"curies":[{"name":"wp","href":"https:\/\/api.w.org\/{rel}","templated":true}]}}