{"id":168,"date":"2026-03-31T10:03:17","date_gmt":"2026-03-31T10:03:17","guid":{"rendered":"https:\/\/xn--timbngxinh-ubb1372g.azdigi.shop\/?post_type=product&#038;p=168"},"modified":"2026-04-11T07:11:25","modified_gmt":"2026-04-11T00:11:25","slug":"my-shoulder-bo-vai","status":"publish","type":"product","link":"https:\/\/xn--timbngxinh-ubb1372g.azdigi.shop\/index.php\/product\/my-shoulder-bo-vai\/","title":{"rendered":"My shoulder \u2013 B\u1edd vai"},"content":{"rendered":"<h2 data-path-to-node=\"3\"><b data-path-to-node=\"3\" data-index-in-node=\"0\">B\u00f3 Hoa Baby Phun H\u1ed3ng &#8220;My Shoulder&#8221; \u2013 T\u1ef1a V\u00e0o B\u1edd Vai \u1ea4m \u00c1p<\/b><\/h2>\n<p data-path-to-node=\"4\">Trong nh\u1eefng l\u00fac c\u1ea7n m\u1ed9t \u0111i\u1ec3m t\u1ef1a hay m\u1ed9t l\u1eddi kh\u00edch l\u1ec7 nh\u1eb9 nh\u00e0ng, <b data-path-to-node=\"4\" data-index-in-node=\"65\">b\u00f3 hoa baby phun h\u1ed3ng<\/b> v\u1edbi t\u00ean g\u1ecdi &#8220;My Shoulder&#8221; ch\u00ednh l\u00e0 th\u00f4ng \u0111i\u1ec7p y\u00eau th\u01b0\u01a1ng tinh t\u1ebf nh\u1ea5t. T\u1ea1i <b data-path-to-node=\"4\" data-index-in-node=\"162\">Ti\u1ec7m B\u00f4ng Xinh<\/b>, ch\u00fang t\u00f4i tin r\u1eb1ng m\u1ed7i nh\u00e0nh hoa baby li ti \u0111\u1ec1u mang trong m\u00ecnh s\u1ee9c m\u1ea1nh g\u1eafn k\u1ebft v\u00e0 xoa d\u1ecbu t\u00e2m h\u1ed3n.<\/p>\n<h3 data-path-to-node=\"5\"><b data-path-to-node=\"5\" data-index-in-node=\"0\">Th\u00e0nh ph\u1ea7n \u0111\u1eb7c bi\u1ec7t c\u1ee7a b\u00f3 hoa My Shoulder<\/b><\/h3>\n<p data-path-to-node=\"6\">S\u1ea3n ph\u1ea9m \u0111\u01b0\u1ee3c thi\u1ebft k\u1ebf v\u1edbi k\u00edch th\u01b0\u1edbc v\u1eeba v\u1eb7n (Medium size), t\u1ea1o c\u1ea3m gi\u00e1c \u1ea5m \u00e1p nh\u01b0 m\u1ed9t v\u00f2ng tay \u00f4m:<\/p>\n<ul data-path-to-node=\"7\">\n<li>\n<p data-path-to-node=\"7,0,0\"><b data-path-to-node=\"7,0,0\" data-index-in-node=\"0\">Hoa ch\u1ee7 \u0111\u1ea1o:<\/b> Hoa baby tr\u1eafng \u0111\u01b0\u1ee3c phun m\u00e0u h\u1ed3ng pastel hi\u1ec7n \u0111\u1ea1i, b\u1ec1n b\u1ec9 v\u00e0 gi\u1eef \u0111\u01b0\u1ee3c \u0111\u1ed9 t\u01b0\u01a1i l\u00e2u.<\/p>\n<\/li>\n<li>\n<p data-path-to-node=\"7,1,0\"><b data-path-to-node=\"7,1,0\" data-index-in-node=\"0\">\u0110i\u1ec3m nh\u1ea5n:<\/b> S\u1ef1 k\u1ebft h\u1ee3p c\u00f9ng c\u00e1c lo\u1ea1i hoa l\u00e1 ph\u1ee5 kh\u00e1c, t\u1ea1o n\u00ean t\u1ed5ng th\u1ec3 bay b\u1ed5ng, nh\u1eb9 nh\u00e0ng.<\/p>\n<\/li>\n<li>\n<p data-path-to-node=\"7,2,0\"><b data-path-to-node=\"7,2,0\" data-index-in-node=\"0\">Phong c\u00e1ch:<\/b> C\u00e1ch g\u00f3i gi\u1ea5y tinh t\u1ebf, l\u00e0m n\u1ed5i b\u1eadt s\u1eafc h\u1ed3ng ng\u1ecdt ng\u00e0o, ph\u00f9 h\u1ee3p v\u1edbi xu h\u01b0\u1edbng qu\u00e0 t\u1eb7ng t\u1ed1i gi\u1ea3n nh\u01b0ng sang tr\u1ecdng.<\/p>\n<\/li>\n<\/ul>\n<h3 data-path-to-node=\"8\"><b data-path-to-node=\"8\" data-index-in-node=\"0\">\u00dd ngh\u0129a v\u00e0 d\u1ecbp t\u1eb7ng b\u00f3 hoa baby phun h\u1ed3ng<\/b><\/h3>\n<p data-path-to-node=\"9\">T\u00ean g\u1ecdi &#8220;My Shoulder \u2013 B\u1edd vai&#8221; mang h\u00e0m \u00fd l\u00e0 n\u01a1i d\u1ef1a d\u1eabm b\u00ecnh y\u00ean. M\u1eabu hoa n\u00e0y c\u1ef1c k\u1ef3 ph\u00f9 h\u1ee3p \u0111\u1ec3:<\/p>\n<ul data-path-to-node=\"10\">\n<li>\n<p data-path-to-node=\"10,0,0\"><b data-path-to-node=\"10,0,0\" data-index-in-node=\"0\">Kh\u00edch l\u1ec7 tinh th\u1ea7n:<\/b> D\u00e0nh t\u1eb7ng khi ai \u0111\u00f3 c\u1ea7n s\u1ef1 an \u1ee7i, ti\u1ebfp th\u00eam \u0111\u1ed9ng l\u1ef1c \u0111\u1ec3 v\u01b0\u1ee3t qua kh\u00f3 kh\u0103n.<\/p>\n<\/li>\n<li>\n<p data-path-to-node=\"10,1,0\"><b data-path-to-node=\"10,1,0\" data-index-in-node=\"0\">D\u1ecbp h\u1eb9n h\u00f2:<\/b> T\u1ea1o n\u00ean kh\u00f4ng gian l\u00e3ng m\u1ea1n, ghi \u0111i\u1ec3m trong m\u1eaft ng\u01b0\u1eddi th\u01b0\u01a1ng b\u1eb1ng s\u1ef1 d\u1ecbu d\u00e0ng.<\/p>\n<\/li>\n<li>\n<p data-path-to-node=\"10,2,0\"><b data-path-to-node=\"10,2,0\" data-index-in-node=\"0\">Sinh nh\u1eadt:<\/b> M\u1ed9t m\u00f3n qu\u00e0 tr\u1ebb trung, xinh x\u1eafn d\u00e0nh cho b\u1ea1n b\u00e8, ng\u01b0\u1eddi th\u00e2n.<\/p>\n<\/li>\n<li>\n<p data-path-to-node=\"10,3,0\"><b data-path-to-node=\"10,3,0\" data-index-in-node=\"0\">Ng\u00e0y k\u1ef7 ni\u1ec7m:<\/b> G\u1ee3i nh\u1edb v\u1ec1 nh\u1eefng k\u1ef7 ni\u1ec7m \u0111\u1eb9p v\u00e0 s\u1ef1 \u0111\u1ed3ng h\u00e0nh, s\u1ebb chia trong su\u1ed1t th\u1eddi gian qua.<\/p>\n<\/li>\n<\/ul>\n<h3 data-path-to-node=\"11\"><b data-path-to-node=\"11\" data-index-in-node=\"0\">\u01afu \u0111\u00e3i \u0111\u1eb7c bi\u1ec7t ch\u1ec9 c\u00f3 t\u1ea1i Ti\u1ec7m B\u00f4ng Xinh<\/b><\/h3>\n<p data-path-to-node=\"12\">Khi \u0111\u1eb7t mua <b data-path-to-node=\"12\" data-index-in-node=\"12\">b\u00f3 hoa baby phun h\u1ed3ng<\/b> t\u1ea1i c\u1eeda h\u00e0ng, qu\u00fd kh\u00e1ch s\u1ebd nh\u1eadn \u0111\u01b0\u1ee3c g\u00f3i d\u1ecbch v\u1ee5 cao c\u1ea5p:<\/p>\n<ul data-path-to-node=\"13\">\n<li>\n<p data-path-to-node=\"13,0,0\"><b data-path-to-node=\"13,0,0\" data-index-in-node=\"0\">T\u1eb7ng ngay Banner tr\u1ecb gi\u00e1 20.000VND:<\/b> Gi\u00fap b\u1ea1n l\u01b0u l\u1ea1i nh\u1eefng l\u1eddi ch\u00fac \u00fd ngh\u0129a g\u1eedi \u0111\u1ebfn ng\u01b0\u1eddi nh\u1eadn.<\/p>\n<\/li>\n<li>\n<p data-path-to-node=\"13,1,0\"><b data-path-to-node=\"13,1,0\" data-index-in-node=\"0\">Mi\u1ec5n ph\u00ed Thi\u1ec7p &amp; B\u0103ng r\u00f4n:<\/b> Thi\u1ebft k\u1ebf theo y\u00eau c\u1ea7u ri\u00eang cho t\u1eebng \u0111\u01a1n h\u00e0ng.<\/p>\n<\/li>\n<li>\n<p data-path-to-node=\"13,2,0\"><b data-path-to-node=\"13,2,0\" data-index-in-node=\"0\">Mi\u1ec5n ph\u00ed giao hoa n\u1ed9i th\u00e0nh HCM:<\/b> Ti\u1ebft ki\u1ec7m chi ph\u00ed, giao hoa t\u1eadn tay ng\u01b0\u1eddi nh\u1eadn.<\/p>\n<\/li>\n<li>\n<p data-path-to-node=\"13,3,0\"><b data-path-to-node=\"13,3,0\" data-index-in-node=\"0\">Giao g\u1ea5p trong v\u00f2ng 2 gi\u1edd:<\/b> \u0110\u00e1p \u1ee9ng nhanh ch\u00f3ng c\u00e1c nhu c\u1ea7u qu\u00e0 t\u1eb7ng b\u1ea5t ng\u1edd.<\/p>\n<\/li>\n<li>\n<p data-path-to-node=\"13,4,0\"><b data-path-to-node=\"13,4,0\" data-index-in-node=\"0\">Cam k\u1ebft ho\u00e0n ti\u1ec1n 100%:<\/b> N\u1ebfu s\u1ea3n ph\u1ea9m th\u1ef1c t\u1ebf kh\u00f4ng \u0111\u00fang v\u1edbi h\u00ecnh \u1ea3nh ban \u0111\u1ea7u \u0111\u00e3 cam k\u1ebft.<\/p>\n<\/li>\n<\/ul>\n","protected":false},"excerpt":{"rendered":"<p>B\u00f3 Hoa Baby Phun H\u1ed3ng &#8220;My Shoulder&#8221; \u2013 T\u1ef1a V\u00e0o B\u1edd Vai \u1ea4m \u00c1p Trong nh\u1eefng l\u00fac c\u1ea7n m\u1ed9t \u0111i\u1ec3m t\u1ef1a hay m\u1ed9t l\u1eddi kh\u00edch l\u1ec7 nh\u1eb9 nh\u00e0ng, b\u00f3 hoa baby phun h\u1ed3ng v\u1edbi t\u00ean g\u1ecdi &#8220;My Shoulder&#8221; ch\u00ednh l\u00e0 th\u00f4ng \u0111i\u1ec7p y\u00eau th\u01b0\u01a1ng tinh t\u1ebf nh\u1ea5t. T\u1ea1i Ti\u1ec7m B\u00f4ng Xinh, ch\u00fang t\u00f4i tin r\u1eb1ng [&#8230;]\n","protected":false},"featured_media":170,"comment_status":"open","ping_status":"closed","template":"","meta":[],"product_brand":[],"product_cat":[28],"product_tag":[],"class_list":{"0":"post-168","1":"product","2":"type-product","3":"status-publish","4":"has-post-thumbnail","6":"product_cat-hoa-tinh-yeu","8":"first","9":"instock","10":"shipping-taxable","11":"purchasable","12":"product-type-variable"},"yoast_head":"<!-- This site is optimized with the Yoast SEO plugin v27.2 - https:\/\/yoast.com\/product\/yoast-seo-wordpress\/ -->\n<title>My shoulder \u2013 B\u1edd vai - b\u00f4ng xinh<\/title>\n<meta name=\"robots\" content=\"index, follow, max-snippet:-1, max-image-preview:large, max-video-preview:-1\" \/>\n<link rel=\"canonical\" href=\"https:\/\/xn--timbngxinh-ubb1372g.azdigi.shop\/index.php\/product\/my-shoulder-bo-vai\/\" \/>\n<meta property=\"og:locale\" content=\"vi_VN\" \/>\n<meta property=\"og:type\" content=\"article\" \/>\n<meta property=\"og:title\" content=\"My shoulder \u2013 B\u1edd vai - b\u00f4ng xinh\" \/>\n<meta property=\"og:description\" content=\"B\u00f3 Hoa Baby Phun H\u1ed3ng &#8220;My Shoulder&#8221; \u2013 T\u1ef1a V\u00e0o B\u1edd Vai \u1ea4m \u00c1p Trong nh\u1eefng l\u00fac c\u1ea7n m\u1ed9t \u0111i\u1ec3m t\u1ef1a hay m\u1ed9t l\u1eddi kh\u00edch l\u1ec7 nh\u1eb9 nh\u00e0ng, b\u00f3 hoa baby phun h\u1ed3ng v\u1edbi t\u00ean g\u1ecdi &#8220;My Shoulder&#8221; ch\u00ednh l\u00e0 th\u00f4ng \u0111i\u1ec7p y\u00eau th\u01b0\u01a1ng tinh t\u1ebf nh\u1ea5t. T\u1ea1i Ti\u1ec7m B\u00f4ng Xinh, ch\u00fang t\u00f4i tin r\u1eb1ng [...]\" \/>\n<meta property=\"og:url\" content=\"https:\/\/xn--timbngxinh-ubb1372g.azdigi.shop\/index.php\/product\/my-shoulder-bo-vai\/\" \/>\n<meta property=\"og:site_name\" content=\"b\u00f4ng xinh\" \/>\n<meta property=\"article:modified_time\" content=\"2026-04-11T00:11:25+00:00\" \/>\n<meta property=\"og:image\" content=\"https:\/\/xn--timbngxinh-ubb1372g.azdigi.shop\/wp-content\/uploads\/2026\/03\/bo-hoa-my-shouder-bo-vai.jpg\" \/>\n\t<meta property=\"og:image:width\" content=\"960\" \/>\n\t<meta property=\"og:image:height\" content=\"960\" \/>\n\t<meta property=\"og:image:type\" content=\"image\/jpeg\" \/>\n<meta name=\"twitter:card\" content=\"summary_large_image\" \/>\n<meta name=\"twitter:label1\" content=\"\u01af\u1edbc t\u00ednh th\u1eddi gian \u0111\u1ecdc\" \/>\n\t<meta name=\"twitter:data1\" content=\"3 ph\u00fat\" \/>\n<script type=\"application\/ld+json\" class=\"yoast-schema-graph\">{\"@context\":\"https:\/\/schema.org\",\"@graph\":[{\"@type\":\"WebPage\",\"@id\":\"https:\/\/xn--timbngxinh-ubb1372g.azdigi.shop\/index.php\/product\/my-shoulder-bo-vai\/\",\"url\":\"https:\/\/xn--timbngxinh-ubb1372g.azdigi.shop\/index.php\/product\/my-shoulder-bo-vai\/\",\"name\":\"My shoulder \u2013 B\u1edd vai - b\u00f4ng xinh\",\"isPartOf\":{\"@id\":\"https:\/\/xn--timbngxinh-ubb1372g.azdigi.shop\/#website\"},\"primaryImageOfPage\":{\"@id\":\"https:\/\/xn--timbngxinh-ubb1372g.azdigi.shop\/index.php\/product\/my-shoulder-bo-vai\/#primaryimage\"},\"image\":{\"@id\":\"https:\/\/xn--timbngxinh-ubb1372g.azdigi.shop\/index.php\/product\/my-shoulder-bo-vai\/#primaryimage\"},\"thumbnailUrl\":\"https:\/\/xn--timbngxinh-ubb1372g.azdigi.shop\/wp-content\/uploads\/2026\/03\/bo-hoa-my-shouder-bo-vai.jpg\",\"datePublished\":\"2026-03-31T10:03:17+00:00\",\"dateModified\":\"2026-04-11T00:11:25+00:00\",\"breadcrumb\":{\"@id\":\"https:\/\/xn--timbngxinh-ubb1372g.azdigi.shop\/index.php\/product\/my-shoulder-bo-vai\/#breadcrumb\"},\"inLanguage\":\"vi\",\"potentialAction\":[{\"@type\":\"ReadAction\",\"target\":[\"https:\/\/xn--timbngxinh-ubb1372g.azdigi.shop\/index.php\/product\/my-shoulder-bo-vai\/\"]}]},{\"@type\":\"ImageObject\",\"inLanguage\":\"vi\",\"@id\":\"https:\/\/xn--timbngxinh-ubb1372g.azdigi.shop\/index.php\/product\/my-shoulder-bo-vai\/#primaryimage\",\"url\":\"https:\/\/xn--timbngxinh-ubb1372g.azdigi.shop\/wp-content\/uploads\/2026\/03\/bo-hoa-my-shouder-bo-vai.jpg\",\"contentUrl\":\"https:\/\/xn--timbngxinh-ubb1372g.azdigi.shop\/wp-content\/uploads\/2026\/03\/bo-hoa-my-shouder-bo-vai.jpg\",\"width\":960,\"height\":960},{\"@type\":\"BreadcrumbList\",\"@id\":\"https:\/\/xn--timbngxinh-ubb1372g.azdigi.shop\/index.php\/product\/my-shoulder-bo-vai\/#breadcrumb\",\"itemListElement\":[{\"@type\":\"ListItem\",\"position\":1,\"name\":\"Home\",\"item\":\"https:\/\/xn--timbngxinh-ubb1372g.azdigi.shop\/\"},{\"@type\":\"ListItem\",\"position\":2,\"name\":\"Shop\",\"item\":\"https:\/\/xn--timbngxinh-ubb1372g.azdigi.shop\/index.php\/shop\/\"},{\"@type\":\"ListItem\",\"position\":3,\"name\":\"My shoulder \u2013 B\u1edd vai\"}]},{\"@type\":\"WebSite\",\"@id\":\"https:\/\/xn--timbngxinh-ubb1372g.azdigi.shop\/#website\",\"url\":\"https:\/\/xn--timbngxinh-ubb1372g.azdigi.shop\/\",\"name\":\"b\u00f4ng xinh\",\"description\":\"\",\"potentialAction\":[{\"@type\":\"SearchAction\",\"target\":{\"@type\":\"EntryPoint\",\"urlTemplate\":\"https:\/\/xn--timbngxinh-ubb1372g.azdigi.shop\/?s={search_term_string}\"},\"query-input\":{\"@type\":\"PropertyValueSpecification\",\"valueRequired\":true,\"valueName\":\"search_term_string\"}}],\"inLanguage\":\"vi\"}]}<\/script>\n<!-- \/ Yoast SEO plugin. -->","yoast_head_json":{"title":"My shoulder \u2013 B\u1edd vai - b\u00f4ng xinh","robots":{"index":"index","follow":"follow","max-snippet":"max-snippet:-1","max-image-preview":"max-image-preview:large","max-video-preview":"max-video-preview:-1"},"canonical":"https:\/\/xn--timbngxinh-ubb1372g.azdigi.shop\/index.php\/product\/my-shoulder-bo-vai\/","og_locale":"vi_VN","og_type":"article","og_title":"My shoulder \u2013 B\u1edd vai - b\u00f4ng xinh","og_description":"B\u00f3 Hoa Baby Phun H\u1ed3ng &#8220;My Shoulder&#8221; \u2013 T\u1ef1a V\u00e0o B\u1edd Vai \u1ea4m \u00c1p Trong nh\u1eefng l\u00fac c\u1ea7n m\u1ed9t \u0111i\u1ec3m t\u1ef1a hay m\u1ed9t l\u1eddi kh\u00edch l\u1ec7 nh\u1eb9 nh\u00e0ng, b\u00f3 hoa baby phun h\u1ed3ng v\u1edbi t\u00ean g\u1ecdi &#8220;My Shoulder&#8221; ch\u00ednh l\u00e0 th\u00f4ng \u0111i\u1ec7p y\u00eau th\u01b0\u01a1ng tinh t\u1ebf nh\u1ea5t. T\u1ea1i Ti\u1ec7m B\u00f4ng Xinh, ch\u00fang t\u00f4i tin r\u1eb1ng [...]","og_url":"https:\/\/xn--timbngxinh-ubb1372g.azdigi.shop\/index.php\/product\/my-shoulder-bo-vai\/","og_site_name":"b\u00f4ng xinh","article_modified_time":"2026-04-11T00:11:25+00:00","og_image":[{"width":960,"height":960,"url":"https:\/\/xn--timbngxinh-ubb1372g.azdigi.shop\/wp-content\/uploads\/2026\/03\/bo-hoa-my-shouder-bo-vai.jpg","type":"image\/jpeg"}],"twitter_card":"summary_large_image","twitter_misc":{"\u01af\u1edbc t\u00ednh th\u1eddi gian \u0111\u1ecdc":"3 ph\u00fat"},"schema":{"@context":"https:\/\/schema.org","@graph":[{"@type":"WebPage","@id":"https:\/\/xn--timbngxinh-ubb1372g.azdigi.shop\/index.php\/product\/my-shoulder-bo-vai\/","url":"https:\/\/xn--timbngxinh-ubb1372g.azdigi.shop\/index.php\/product\/my-shoulder-bo-vai\/","name":"My shoulder \u2013 B\u1edd vai - b\u00f4ng xinh","isPartOf":{"@id":"https:\/\/xn--timbngxinh-ubb1372g.azdigi.shop\/#website"},"primaryImageOfPage":{"@id":"https:\/\/xn--timbngxinh-ubb1372g.azdigi.shop\/index.php\/product\/my-shoulder-bo-vai\/#primaryimage"},"image":{"@id":"https:\/\/xn--timbngxinh-ubb1372g.azdigi.shop\/index.php\/product\/my-shoulder-bo-vai\/#primaryimage"},"thumbnailUrl":"https:\/\/xn--timbngxinh-ubb1372g.azdigi.shop\/wp-content\/uploads\/2026\/03\/bo-hoa-my-shouder-bo-vai.jpg","datePublished":"2026-03-31T10:03:17+00:00","dateModified":"2026-04-11T00:11:25+00:00","breadcrumb":{"@id":"https:\/\/xn--timbngxinh-ubb1372g.azdigi.shop\/index.php\/product\/my-shoulder-bo-vai\/#breadcrumb"},"inLanguage":"vi","potentialAction":[{"@type":"ReadAction","target":["https:\/\/xn--timbngxinh-ubb1372g.azdigi.shop\/index.php\/product\/my-shoulder-bo-vai\/"]}]},{"@type":"ImageObject","inLanguage":"vi","@id":"https:\/\/xn--timbngxinh-ubb1372g.azdigi.shop\/index.php\/product\/my-shoulder-bo-vai\/#primaryimage","url":"https:\/\/xn--timbngxinh-ubb1372g.azdigi.shop\/wp-content\/uploads\/2026\/03\/bo-hoa-my-shouder-bo-vai.jpg","contentUrl":"https:\/\/xn--timbngxinh-ubb1372g.azdigi.shop\/wp-content\/uploads\/2026\/03\/bo-hoa-my-shouder-bo-vai.jpg","width":960,"height":960},{"@type":"BreadcrumbList","@id":"https:\/\/xn--timbngxinh-ubb1372g.azdigi.shop\/index.php\/product\/my-shoulder-bo-vai\/#breadcrumb","itemListElement":[{"@type":"ListItem","position":1,"name":"Home","item":"https:\/\/xn--timbngxinh-ubb1372g.azdigi.shop\/"},{"@type":"ListItem","position":2,"name":"Shop","item":"https:\/\/xn--timbngxinh-ubb1372g.azdigi.shop\/index.php\/shop\/"},{"@type":"ListItem","position":3,"name":"My shoulder \u2013 B\u1edd vai"}]},{"@type":"WebSite","@id":"https:\/\/xn--timbngxinh-ubb1372g.azdigi.shop\/#website","url":"https:\/\/xn--timbngxinh-ubb1372g.azdigi.shop\/","name":"b\u00f4ng xinh","description":"","potentialAction":[{"@type":"SearchAction","target":{"@type":"EntryPoint","urlTemplate":"https:\/\/xn--timbngxinh-ubb1372g.azdigi.shop\/?s={search_term_string}"},"query-input":{"@type":"PropertyValueSpecification","valueRequired":true,"valueName":"search_term_string"}}],"inLanguage":"vi"}]}},"jetpack_sharing_enabled":true,"_links":{"self":[{"href":"https:\/\/xn--timbngxinh-ubb1372g.azdigi.shop\/index.php\/wp-json\/wp\/v2\/product\/168","targetHints":{"allow":["GET"]}}],"collection":[{"href":"https:\/\/xn--timbngxinh-ubb1372g.azdigi.shop\/index.php\/wp-json\/wp\/v2\/product"}],"about":[{"href":"https:\/\/xn--timbngxinh-ubb1372g.azdigi.shop\/index.php\/wp-json\/wp\/v2\/types\/product"}],"replies":[{"embeddable":true,"href":"https:\/\/xn--timbngxinh-ubb1372g.azdigi.shop\/index.php\/wp-json\/wp\/v2\/comments?post=168"}],"wp:featuredmedia":[{"embeddable":true,"href":"https:\/\/xn--timbngxinh-ubb1372g.azdigi.shop\/index.php\/wp-json\/wp\/v2\/media\/170"}],"wp:attachment":[{"href":"https:\/\/xn--timbngxinh-ubb1372g.azdigi.shop\/index.php\/wp-json\/wp\/v2\/media?parent=168"}],"wp:term":[{"taxonomy":"product_brand","embeddable":true,"href":"https:\/\/xn--timbngxinh-ubb1372g.azdigi.shop\/index.php\/wp-json\/wp\/v2\/product_brand?post=168"},{"taxonomy":"product_cat","embeddable":true,"href":"https:\/\/xn--timbngxinh-ubb1372g.azdigi.shop\/index.php\/wp-json\/wp\/v2\/product_cat?post=168"},{"taxonomy":"product_tag","embeddable":true,"href":"https:\/\/xn--timbngxinh-ubb1372g.azdigi.shop\/index.php\/wp-json\/wp\/v2\/product_tag?post=168"}],"curies":[{"name":"wp","href":"https:\/\/api.w.org\/{rel}","templated":true}]}}