{"id":138,"date":"2026-03-29T01:11:37","date_gmt":"2026-03-29T01:11:37","guid":{"rendered":"https:\/\/xn--timbngxinh-ubb1372g.azdigi.shop\/?post_type=product&#038;p=138"},"modified":"2026-04-11T07:25:01","modified_gmt":"2026-04-11T00:25:01","slug":"hoa-chuc-mung-proud-of-you","status":"publish","type":"product","link":"https:\/\/xn--timbngxinh-ubb1372g.azdigi.shop\/index.php\/product\/hoa-chuc-mung-proud-of-you\/","title":{"rendered":"Hoa ch\u00fac m\u1eebng &#8211; Proud of you"},"content":{"rendered":"<h2 data-path-to-node=\"3\"><b data-path-to-node=\"3\" data-index-in-node=\"0\">B\u00f3 Hoa H\u1ed3ng Free Spirit &#8220;Proud Of You&#8221; \u2013 L\u1eddi Ch\u00fac M\u1eebng \u0110\u1eb3ng C\u1ea5p<\/b><\/h2>\n<p data-path-to-node=\"4\">B\u1ea1n \u0111ang t\u00ecm ki\u1ebfm m\u1ed9t m\u00f3n qu\u00e0 \u0111\u1ec3 t\u00f4n vinh th\u00e0nh t\u1ef1u c\u1ee7a ng\u01b0\u1eddi th\u00e2n, b\u1ea1n b\u00e8 hay \u0111\u1ed3ng nghi\u1ec7p? <b data-path-to-node=\"4\" data-index-in-node=\"92\">B\u00f3 hoa h\u1ed3ng Free Spirit<\/b> v\u1edbi t\u00ean g\u1ecdi &#8220;Proud of You&#8221; l\u00e0 s\u1ef1 k\u1ebft h\u1ee3p ho\u00e0n m\u1ef9 gi\u1eefa s\u1eafc cam ch\u00e1y r\u1ef1c r\u1ee1 v\u00e0 v\u00e0ng kem \u1ea5m \u00e1p, thay b\u1ea1n n\u00f3i l\u1eddi ch\u00fac m\u1eebng ch\u00e2n th\u00e0nh v\u00e0 \u0111\u1ea7y t\u1ef1 h\u00e0o nh\u1ea5t.<\/p>\n<h3 data-path-to-node=\"5\"><b data-path-to-node=\"5\" data-index-in-node=\"0\">Th\u00e0nh ph\u1ea7n ngh\u1ec7 thu\u1eadt c\u1ee7a b\u00f3 hoa Proud of You<\/b><\/h3>\n<p data-path-to-node=\"6\">S\u1ea3n ph\u1ea9m l\u00e0 s\u1ef1 quy t\u1ee5 c\u1ee7a nh\u1eefng d\u00f2ng hoa cao c\u1ea5p, t\u1ea1o n\u00ean m\u1ed9t t\u1ed5ng th\u1ec3 b\u1ec1 th\u1ebf v\u00e0 sang tr\u1ecdng:<\/p>\n<ul data-path-to-node=\"7\">\n<li>\n<p data-path-to-node=\"7,0,0\"><b data-path-to-node=\"7,0,0\" data-index-in-node=\"0\">Hoa h\u1ed3ng Free Spirit (15 c\u00e0nh):<\/b> D\u00f2ng h\u1ed3ng ngo\u1ea1i n\u1ed5i ti\u1ebfng v\u1edbi c\u00e1nh hoa xo\u1eafn l\u01b0\u1ee3n s\u00f3ng \u0111\u1ed9c \u0111\u00e1o, h\u01b0\u01a1ng th\u01a1m nh\u1eb9 v\u00e0 tone m\u00e0u cam r\u1ef1c r\u1ee1 t\u01b0\u1ee3ng tr\u01b0ng cho s\u1ef1 t\u1ef1 do v\u00e0 n\u0103ng l\u01b0\u1ee3ng m\u00e3nh li\u1ec7t.<\/p>\n<\/li>\n<li>\n<p data-path-to-node=\"7,1,0\"><b data-path-to-node=\"7,1,0\" data-index-in-node=\"0\">C\u1ea9m ch\u01b0\u1edbng ch\u00f9m cam (2 c\u00e0nh):<\/b> T\u1ea1o \u0111i\u1ec3m nh\u1ea5n h\u00e0i h\u00f2a, t\u0103ng th\u00eam s\u1ef1 \u0111\u1ea7y \u0111\u1eb7n v\u00e0 n\u00e9t duy\u00ean d\u00e1ng cho b\u00f3 hoa.<\/p>\n<\/li>\n<li>\n<p data-path-to-node=\"7,2,0\"><b data-path-to-node=\"7,2,0\" data-index-in-node=\"0\">H\u1ed3ng tr\u1ee9ng g\u00e0 (5 c\u00e0nh):<\/b> Mang l\u1ea1i s\u1eafc v\u00e0ng kem d\u1ecbu m\u1eaft, l\u00e0m n\u1ed5i b\u1eadt tone m\u00e0u ch\u1ee7 \u0111\u1ea1o c\u1ee7a h\u1ed3ng Free Spirit.<\/p>\n<\/li>\n<li>\n<p data-path-to-node=\"7,3,0\"><b data-path-to-node=\"7,3,0\" data-index-in-node=\"0\">Ph\u1ee5 li\u1ec7u:<\/b> Gi\u1ea5y g\u00f3i thi\u1ebft k\u1ebf ri\u00eang t\u1eeb <b data-path-to-node=\"7,3,0\" data-index-in-node=\"37\">Ti\u1ec7m B\u00f4ng Xinh<\/b>, t\u00f4n l\u00ean v\u1ebb \u0111\u1eb9p hi\u1ec7n \u0111\u1ea1i v\u00e0 \u0111\u1eb3ng c\u1ea5p c\u1ee7a s\u1ea3n ph\u1ea9m.<\/p>\n<\/li>\n<\/ul>\n<h3 data-path-to-node=\"8\"><b data-path-to-node=\"8\" data-index-in-node=\"0\">\u00dd ngh\u0129a v\u00e0 d\u1ecbp t\u1eb7ng b\u00f3 hoa h\u1ed3ng Free Spirit<\/b><\/h3>\n<p data-path-to-node=\"9\">\u0110\u00fang nh\u01b0 t\u00ean g\u1ecdi &#8220;Proud of You&#8221;, m\u1eabu hoa n\u00e0y sinh ra \u0111\u1ec3 d\u00e0nh cho nh\u1eefng kho\u1ea3nh kh\u1eafc vinh quang:<\/p>\n<ul data-path-to-node=\"10\">\n<li>\n<p data-path-to-node=\"10,0,0\"><b data-path-to-node=\"10,0,0\" data-index-in-node=\"0\">Hoa ch\u00fac m\u1eebng th\u00e0nh c\u00f4ng:<\/b> T\u1eb7ng s\u1ebfp, \u0111\u1ed1i t\u00e1c ho\u1eb7c \u0111\u1ed3ng nghi\u1ec7p khi h\u1ecd \u0111\u1ea1t \u0111\u01b0\u1ee3c d\u1ef1 \u00e1n m\u1edbi ho\u1eb7c th\u0103ng ti\u1ebfn.<\/p>\n<\/li>\n<li>\n<p data-path-to-node=\"10,1,0\"><b data-path-to-node=\"10,1,0\" data-index-in-node=\"0\">L\u1ec5 t\u1ed1t nghi\u1ec7p:<\/b> M\u1ed9t l\u1eddi kh\u1eb3ng \u0111\u1ecbnh: &#8220;T\u1ef1 h\u00e0o v\u1ec1 b\u1ea1n!&#8221; d\u00e0nh cho b\u1ea1n b\u00e8 v\u00e0 ng\u01b0\u1eddi th\u00e2n.<\/p>\n<\/li>\n<li>\n<p data-path-to-node=\"10,2,0\"><b data-path-to-node=\"10,2,0\" data-index-in-node=\"0\">Khai tr\u01b0\u01a1ng:<\/b> Mang \u00fd ngh\u0129a h\u1ed3ng ph\u00e1t, v\u1ea1n s\u1ef1 hanh th\u00f4ng v\u1edbi s\u1eafc cam may m\u1eafn.<\/p>\n<\/li>\n<li>\n<p data-path-to-node=\"10,3,0\"><b data-path-to-node=\"10,3,0\" data-index-in-node=\"0\">Sinh nh\u1eadt ng\u01b0\u1eddi \u0111\u1eb7c bi\u1ec7t:<\/b> Ph\u00f9 h\u1ee3p v\u1edbi nh\u1eefng c\u00e1 t\u00ednh m\u1ea1nh m\u1ebd, y\u00eau th\u00edch s\u1ef1 kh\u00e1c bi\u1ec7t v\u00e0 sang tr\u1ecdng.<\/p>\n<\/li>\n<\/ul>\n","protected":false},"excerpt":{"rendered":"<p>S\u1ea3n ph\u1ea9m h\u1ed7 tr\u1ee3 giao mi\u1ec5n ph\u00ed khu v\u1ef1c g\u1ea7n<\/p>\n","protected":false},"featured_media":140,"comment_status":"open","ping_status":"closed","template":"","meta":[],"product_brand":[],"product_cat":[31,40],"product_tag":[],"class_list":{"0":"post-138","1":"product","2":"type-product","3":"status-publish","4":"has-post-thumbnail","6":"product_cat-hoa-chuc-mung","7":"product_cat-hoa-tuoi","9":"first","10":"instock","11":"shipping-taxable","12":"purchasable","13":"product-type-variable"},"yoast_head":"<!-- This site is optimized with the Yoast SEO plugin v27.2 - https:\/\/yoast.com\/product\/yoast-seo-wordpress\/ -->\n<title>Hoa ch\u00fac m\u1eebng - Proud of you - b\u00f4ng xinh<\/title>\n<meta name=\"robots\" content=\"index, follow, max-snippet:-1, max-image-preview:large, max-video-preview:-1\" \/>\n<link rel=\"canonical\" href=\"https:\/\/xn--timbngxinh-ubb1372g.azdigi.shop\/index.php\/product\/hoa-chuc-mung-proud-of-you\/\" \/>\n<meta property=\"og:locale\" content=\"vi_VN\" \/>\n<meta property=\"og:type\" content=\"article\" \/>\n<meta property=\"og:title\" content=\"Hoa ch\u00fac m\u1eebng - Proud of you - b\u00f4ng xinh\" \/>\n<meta property=\"og:description\" content=\"S\u1ea3n ph\u1ea9m h\u1ed7 tr\u1ee3 giao mi\u1ec5n ph\u00ed khu v\u1ef1c g\u1ea7n\" \/>\n<meta property=\"og:url\" content=\"https:\/\/xn--timbngxinh-ubb1372g.azdigi.shop\/index.php\/product\/hoa-chuc-mung-proud-of-you\/\" \/>\n<meta property=\"og:site_name\" content=\"b\u00f4ng xinh\" \/>\n<meta property=\"article:modified_time\" content=\"2026-04-11T00:25:01+00:00\" \/>\n<meta property=\"og:image\" content=\"https:\/\/xn--timbngxinh-ubb1372g.azdigi.shop\/wp-content\/uploads\/2026\/03\/13246_proud-of-you.jpg\" \/>\n\t<meta property=\"og:image:width\" content=\"600\" \/>\n\t<meta property=\"og:image:height\" content=\"720\" \/>\n\t<meta property=\"og:image:type\" content=\"image\/jpeg\" \/>\n<meta name=\"twitter:card\" content=\"summary_large_image\" \/>\n<meta name=\"twitter:label1\" content=\"\u01af\u1edbc t\u00ednh th\u1eddi gian \u0111\u1ecdc\" \/>\n\t<meta name=\"twitter:data1\" content=\"2 ph\u00fat\" \/>\n<script type=\"application\/ld+json\" class=\"yoast-schema-graph\">{\"@context\":\"https:\/\/schema.org\",\"@graph\":[{\"@type\":\"WebPage\",\"@id\":\"https:\/\/xn--timbngxinh-ubb1372g.azdigi.shop\/index.php\/product\/hoa-chuc-mung-proud-of-you\/\",\"url\":\"https:\/\/xn--timbngxinh-ubb1372g.azdigi.shop\/index.php\/product\/hoa-chuc-mung-proud-of-you\/\",\"name\":\"Hoa ch\u00fac m\u1eebng - Proud of you - b\u00f4ng xinh\",\"isPartOf\":{\"@id\":\"https:\/\/xn--timbngxinh-ubb1372g.azdigi.shop\/#website\"},\"primaryImageOfPage\":{\"@id\":\"https:\/\/xn--timbngxinh-ubb1372g.azdigi.shop\/index.php\/product\/hoa-chuc-mung-proud-of-you\/#primaryimage\"},\"image\":{\"@id\":\"https:\/\/xn--timbngxinh-ubb1372g.azdigi.shop\/index.php\/product\/hoa-chuc-mung-proud-of-you\/#primaryimage\"},\"thumbnailUrl\":\"https:\/\/xn--timbngxinh-ubb1372g.azdigi.shop\/wp-content\/uploads\/2026\/03\/13246_proud-of-you.jpg\",\"datePublished\":\"2026-03-29T01:11:37+00:00\",\"dateModified\":\"2026-04-11T00:25:01+00:00\",\"breadcrumb\":{\"@id\":\"https:\/\/xn--timbngxinh-ubb1372g.azdigi.shop\/index.php\/product\/hoa-chuc-mung-proud-of-you\/#breadcrumb\"},\"inLanguage\":\"vi\",\"potentialAction\":[{\"@type\":\"ReadAction\",\"target\":[\"https:\/\/xn--timbngxinh-ubb1372g.azdigi.shop\/index.php\/product\/hoa-chuc-mung-proud-of-you\/\"]}]},{\"@type\":\"ImageObject\",\"inLanguage\":\"vi\",\"@id\":\"https:\/\/xn--timbngxinh-ubb1372g.azdigi.shop\/index.php\/product\/hoa-chuc-mung-proud-of-you\/#primaryimage\",\"url\":\"https:\/\/xn--timbngxinh-ubb1372g.azdigi.shop\/wp-content\/uploads\/2026\/03\/13246_proud-of-you.jpg\",\"contentUrl\":\"https:\/\/xn--timbngxinh-ubb1372g.azdigi.shop\/wp-content\/uploads\/2026\/03\/13246_proud-of-you.jpg\",\"width\":600,\"height\":720},{\"@type\":\"BreadcrumbList\",\"@id\":\"https:\/\/xn--timbngxinh-ubb1372g.azdigi.shop\/index.php\/product\/hoa-chuc-mung-proud-of-you\/#breadcrumb\",\"itemListElement\":[{\"@type\":\"ListItem\",\"position\":1,\"name\":\"Home\",\"item\":\"https:\/\/xn--timbngxinh-ubb1372g.azdigi.shop\/\"},{\"@type\":\"ListItem\",\"position\":2,\"name\":\"Shop\",\"item\":\"https:\/\/xn--timbngxinh-ubb1372g.azdigi.shop\/index.php\/shop\/\"},{\"@type\":\"ListItem\",\"position\":3,\"name\":\"Hoa ch\u00fac m\u1eebng &#8211; Proud of you\"}]},{\"@type\":\"WebSite\",\"@id\":\"https:\/\/xn--timbngxinh-ubb1372g.azdigi.shop\/#website\",\"url\":\"https:\/\/xn--timbngxinh-ubb1372g.azdigi.shop\/\",\"name\":\"b\u00f4ng xinh\",\"description\":\"\",\"potentialAction\":[{\"@type\":\"SearchAction\",\"target\":{\"@type\":\"EntryPoint\",\"urlTemplate\":\"https:\/\/xn--timbngxinh-ubb1372g.azdigi.shop\/?s={search_term_string}\"},\"query-input\":{\"@type\":\"PropertyValueSpecification\",\"valueRequired\":true,\"valueName\":\"search_term_string\"}}],\"inLanguage\":\"vi\"}]}<\/script>\n<!-- \/ Yoast SEO plugin. -->","yoast_head_json":{"title":"Hoa ch\u00fac m\u1eebng - Proud of you - b\u00f4ng xinh","robots":{"index":"index","follow":"follow","max-snippet":"max-snippet:-1","max-image-preview":"max-image-preview:large","max-video-preview":"max-video-preview:-1"},"canonical":"https:\/\/xn--timbngxinh-ubb1372g.azdigi.shop\/index.php\/product\/hoa-chuc-mung-proud-of-you\/","og_locale":"vi_VN","og_type":"article","og_title":"Hoa ch\u00fac m\u1eebng - Proud of you - b\u00f4ng xinh","og_description":"S\u1ea3n ph\u1ea9m h\u1ed7 tr\u1ee3 giao mi\u1ec5n ph\u00ed khu v\u1ef1c g\u1ea7n","og_url":"https:\/\/xn--timbngxinh-ubb1372g.azdigi.shop\/index.php\/product\/hoa-chuc-mung-proud-of-you\/","og_site_name":"b\u00f4ng xinh","article_modified_time":"2026-04-11T00:25:01+00:00","og_image":[{"width":600,"height":720,"url":"https:\/\/xn--timbngxinh-ubb1372g.azdigi.shop\/wp-content\/uploads\/2026\/03\/13246_proud-of-you.jpg","type":"image\/jpeg"}],"twitter_card":"summary_large_image","twitter_misc":{"\u01af\u1edbc t\u00ednh th\u1eddi gian \u0111\u1ecdc":"2 ph\u00fat"},"schema":{"@context":"https:\/\/schema.org","@graph":[{"@type":"WebPage","@id":"https:\/\/xn--timbngxinh-ubb1372g.azdigi.shop\/index.php\/product\/hoa-chuc-mung-proud-of-you\/","url":"https:\/\/xn--timbngxinh-ubb1372g.azdigi.shop\/index.php\/product\/hoa-chuc-mung-proud-of-you\/","name":"Hoa ch\u00fac m\u1eebng - Proud of you - b\u00f4ng xinh","isPartOf":{"@id":"https:\/\/xn--timbngxinh-ubb1372g.azdigi.shop\/#website"},"primaryImageOfPage":{"@id":"https:\/\/xn--timbngxinh-ubb1372g.azdigi.shop\/index.php\/product\/hoa-chuc-mung-proud-of-you\/#primaryimage"},"image":{"@id":"https:\/\/xn--timbngxinh-ubb1372g.azdigi.shop\/index.php\/product\/hoa-chuc-mung-proud-of-you\/#primaryimage"},"thumbnailUrl":"https:\/\/xn--timbngxinh-ubb1372g.azdigi.shop\/wp-content\/uploads\/2026\/03\/13246_proud-of-you.jpg","datePublished":"2026-03-29T01:11:37+00:00","dateModified":"2026-04-11T00:25:01+00:00","breadcrumb":{"@id":"https:\/\/xn--timbngxinh-ubb1372g.azdigi.shop\/index.php\/product\/hoa-chuc-mung-proud-of-you\/#breadcrumb"},"inLanguage":"vi","potentialAction":[{"@type":"ReadAction","target":["https:\/\/xn--timbngxinh-ubb1372g.azdigi.shop\/index.php\/product\/hoa-chuc-mung-proud-of-you\/"]}]},{"@type":"ImageObject","inLanguage":"vi","@id":"https:\/\/xn--timbngxinh-ubb1372g.azdigi.shop\/index.php\/product\/hoa-chuc-mung-proud-of-you\/#primaryimage","url":"https:\/\/xn--timbngxinh-ubb1372g.azdigi.shop\/wp-content\/uploads\/2026\/03\/13246_proud-of-you.jpg","contentUrl":"https:\/\/xn--timbngxinh-ubb1372g.azdigi.shop\/wp-content\/uploads\/2026\/03\/13246_proud-of-you.jpg","width":600,"height":720},{"@type":"BreadcrumbList","@id":"https:\/\/xn--timbngxinh-ubb1372g.azdigi.shop\/index.php\/product\/hoa-chuc-mung-proud-of-you\/#breadcrumb","itemListElement":[{"@type":"ListItem","position":1,"name":"Home","item":"https:\/\/xn--timbngxinh-ubb1372g.azdigi.shop\/"},{"@type":"ListItem","position":2,"name":"Shop","item":"https:\/\/xn--timbngxinh-ubb1372g.azdigi.shop\/index.php\/shop\/"},{"@type":"ListItem","position":3,"name":"Hoa ch\u00fac m\u1eebng &#8211; Proud of you"}]},{"@type":"WebSite","@id":"https:\/\/xn--timbngxinh-ubb1372g.azdigi.shop\/#website","url":"https:\/\/xn--timbngxinh-ubb1372g.azdigi.shop\/","name":"b\u00f4ng xinh","description":"","potentialAction":[{"@type":"SearchAction","target":{"@type":"EntryPoint","urlTemplate":"https:\/\/xn--timbngxinh-ubb1372g.azdigi.shop\/?s={search_term_string}"},"query-input":{"@type":"PropertyValueSpecification","valueRequired":true,"valueName":"search_term_string"}}],"inLanguage":"vi"}]}},"jetpack_sharing_enabled":true,"_links":{"self":[{"href":"https:\/\/xn--timbngxinh-ubb1372g.azdigi.shop\/index.php\/wp-json\/wp\/v2\/product\/138","targetHints":{"allow":["GET"]}}],"collection":[{"href":"https:\/\/xn--timbngxinh-ubb1372g.azdigi.shop\/index.php\/wp-json\/wp\/v2\/product"}],"about":[{"href":"https:\/\/xn--timbngxinh-ubb1372g.azdigi.shop\/index.php\/wp-json\/wp\/v2\/types\/product"}],"replies":[{"embeddable":true,"href":"https:\/\/xn--timbngxinh-ubb1372g.azdigi.shop\/index.php\/wp-json\/wp\/v2\/comments?post=138"}],"wp:featuredmedia":[{"embeddable":true,"href":"https:\/\/xn--timbngxinh-ubb1372g.azdigi.shop\/index.php\/wp-json\/wp\/v2\/media\/140"}],"wp:attachment":[{"href":"https:\/\/xn--timbngxinh-ubb1372g.azdigi.shop\/index.php\/wp-json\/wp\/v2\/media?parent=138"}],"wp:term":[{"taxonomy":"product_brand","embeddable":true,"href":"https:\/\/xn--timbngxinh-ubb1372g.azdigi.shop\/index.php\/wp-json\/wp\/v2\/product_brand?post=138"},{"taxonomy":"product_cat","embeddable":true,"href":"https:\/\/xn--timbngxinh-ubb1372g.azdigi.shop\/index.php\/wp-json\/wp\/v2\/product_cat?post=138"},{"taxonomy":"product_tag","embeddable":true,"href":"https:\/\/xn--timbngxinh-ubb1372g.azdigi.shop\/index.php\/wp-json\/wp\/v2\/product_tag?post=138"}],"curies":[{"name":"wp","href":"https:\/\/api.w.org\/{rel}","templated":true}]}}